{"id":2349,"date":"2024-09-09T08:33:42","date_gmt":"2024-09-09T08:33:42","guid":{"rendered":"https:\/\/djakovo-hrast.hr\/datenschutzbestimmungen\/"},"modified":"2024-09-23T21:00:53","modified_gmt":"2024-09-23T21:00:53","slug":"datenschutzbestimmungen","status":"publish","type":"page","link":"https:\/\/djakovo-hrast.hr\/de\/datenschutzbestimmungen\/","title":{"rendered":"Datenschutzbestimmungen"},"content":{"rendered":"\t\t<div data-elementor-type=\"wp-page\" data-elementor-id=\"2349\" class=\"elementor elementor-2349 elementor-29\" data-elementor-post-type=\"page\">\n\t\t\t\t<div class=\"elementor-element elementor-element-9c9b619 e-flex e-con-boxed elementor-invisible e-con e-parent\" data-id=\"9c9b619\" data-element_type=\"container\" data-settings=\"{&quot;animation&quot;:&quot;fadeIn&quot;}\">\n\t\t\t\t\t<div class=\"e-con-inner\">\n\t\t\t\t<div class=\"elementor-element elementor-element-d860501 elementor-widget elementor-widget-heading\" data-id=\"d860501\" data-element_type=\"widget\" data-widget_type=\"heading.default\">\n\t\t\t\t<div class=\"elementor-widget-container\">\n\t\t\t\t\t<h2 class=\"elementor-heading-title elementor-size-default\">Datenschutzbestimmungen<\/h2>\t\t\t\t<\/div>\n\t\t\t\t<\/div>\n\t\t<div class=\"elementor-element elementor-element-b120f45 e-con-full e-flex e-con e-child\" data-id=\"b120f45\" data-element_type=\"container\">\n\t\t\t\t<div class=\"elementor-element elementor-element-ca23d39 elementor-widget elementor-widget-text-editor\" data-id=\"ca23d39\" data-element_type=\"widget\" data-widget_type=\"text-editor.default\">\n\t\t\t\t<div class=\"elementor-widget-container\">\n\t\t\t\t\t\t\t\t\t<p><strong>Dakovo Hrast d.o.o<\/strong><br \/><strong>Petra Preradovi\u0107a 217<\/strong><br \/><strong>Dakovo, Croatia.<\/strong><br \/><strong>OIB (VAT): 47347730721<\/strong><\/p>\n<p><strong>Das Unternehmen verarbeitet personenbezogene Daten betroffener Personen nur, wenn es daf\u00fcr eine klar definierte Rechtsgrundlage gibt &#8211; Vertragsverh\u00e4ltnis, Einwilligung der betroffenen Person, berechtigtes Interesse oder gesetzliche Verpflichtung.<\/strong><\/p>\n<p><strong>Nutzung der Website <span style=\"text-decoration: underline;\"><a href=\"https:\/\/djakovo-hrast.hr\/de\/\">djakovo-hrast.hr<\/a><\/span><\/strong><br \/>Dakovo Hrast d.o.o (das Unternehmen) respektiert die Privatsph\u00e4re der Besucher der Website <span style=\"text-decoration: underline;\"><strong><a href=\"https:\/\/djakovo-hrast.hr\/de\/\">djakovo-hrast.hr<\/a> <\/strong><\/span>und sammelt nur die personenbezogenen Daten, die die betroffenen Personen freiwillig zur Verf\u00fcgung stellen, um auf Anfragen\/Anforderungen (Anfrage nach einem Angebot\/Stelle, Lebenslauf, Unterst\u00fctzung usw.) zu reagieren.<br \/>Bei der Nutzung dieser Website kann das Unternehmen \u00fcber Cookies bestimmte Informationen auf dem Computer der betroffenen Person speichern. Cookies sind Informationen, die zum Zeitpunkt des Besuchs der Website auf dem Computer der betroffenen Person gespeichert werden. Sie erleichtern die Nutzung der Website, indem sie Einstellungen (z.B. Sprache oder Adresse) speichern und beim n\u00e4chsten Zugriff auf die Website reaktivieren.<br \/>Dies erm\u00f6glicht es der Website, auf die Bed\u00fcrfnisse der betroffenen Person zugeschnittene Informationen anzuzeigen. <\/p>\n<p><strong>Welche pers\u00f6nlichen Daten wir sammeln und warum<\/strong><br \/><strong>Inhaber der Datenverarbeitung<\/strong><br \/>Dakovo Hrast d.o.o, VAT: 47347730721, ist der Inhaber der Datenverarbeitung Ihrer pers\u00f6nlichen Daten.<br \/>Die Datenschutzrichtlinie gilt f\u00fcr alle personenbezogenen Daten von Nutzern, die wir entweder direkt oder \u00fcber unsere Partner sammeln und verarbeiten.<br \/>Personenbezogene Daten sind alle Informationen, die sich auf eine identifizierte oder identifizierbare nat\u00fcrliche Person beziehen.<br \/>Datenverarbeitung ist jeder Vorgang, der mit personenbezogenen Daten durchgef\u00fchrt wird, wie z. B. das Sammeln, Speichern, Verwenden, Zugreifen und \u00dcbertragen von personenbezogenen Daten.<br \/>Diese Richtlinie gilt nicht f\u00fcr anonyme Daten. Anonyme Daten sind Daten, die nicht mit einer bestimmten nat\u00fcrlichen Person in Verbindung gebracht werden k\u00f6nnen. <\/p>\n<p><strong>Wie wir Ihre pers\u00f6nlichen Daten sammeln<\/strong><br \/>Wir verarbeiten Ihre personenbezogenen Daten unter anderem in den folgenden F\u00e4llen:<br \/> <strong>\u00b7<\/strong> Wenn Sie sich direkt an uns wenden, z. B. \u00fcber die Website, um Informationen \u00fcber unsere Produkte anzufordern oder eine Produktreklamation vorzubringen.<br \/> <strong> \u00b7 <\/strong>Wenn Sie auf unsere direkten Anfragen oder Kampagnen reagieren, indem Sie Daten online auf unserer Website eingeben.<br \/> <strong> \u00b7 <\/strong> Wenn andere Gesch\u00e4ftspartner uns Ihre personenbezogenen Daten in zul\u00e4ssiger Weise zur Verf\u00fcgung gestellt haben. <br \/> <strong> \u00b7 <\/strong> Wenn wir Ihre personenbezogenen Daten aus anderen Quellen erhalten haben (z. B. von Gesch\u00e4ftsadressen-Vermittlern).<br \/> <strong>\u00b7<\/strong> Wenn Sie Daten im Namen einer anderen Person \u00fcbermitteln, m\u00fcssen Sie sicherstellen, dass diese Person mit dieser Datenschutzrichtlinie vertraut ist, bevor Sie dies tun. Wenn Sie unter 16 Jahre alt sind, \u00fcbermitteln Sie uns bitte keine Daten ohne die Zustimmung der Eltern oder Erziehungsberechtigten.<br \/>Bitte helfen Sie uns, Ihre Daten auf dem neuesten Stand zu halten, indem Sie uns jede \u00c4nderung Ihrer Kontaktdaten oder Pr\u00e4ferenzen mitteilen. <\/p>\n<p><strong>Welche Daten \u00fcber Sie gesammelt werden k\u00f6nnen<\/strong><br \/>Wir k\u00f6nnen die folgenden Arten von Daten \u00fcber Sie erfassen:<br \/><strong>\u00b7<\/strong> Kontaktinformationen \u25ba Name, Titel, Adresse, Kontaktnummer, E-Mail-Adresse, Faxnummer.<br \/><strong>\u00b7<\/strong> Produktinformation \u25ba Informationen \u00fcber das gekaufte oder gew\u00fcnschte Produkt.<br \/><strong>\u00b7<\/strong> Website-Nutzung \u25ba Wie Sie unsere Website nutzen, einschlie\u00dflich Informationen, die durch Cookies und andere Tracking-Technologien erfasst werden.<\/p>\n<p><strong>Wie Ihre Daten verwendet werden k\u00f6nnen<\/strong><br \/>Die Verwendung personenbezogener Daten in \u00dcbereinstimmung mit den EU-Datenschutzbestimmungen muss auf der Grundlage eines der gesetzlichen \u201eGr\u00fcnde\u201c gerechtfertigt sein, und wir sind verpflichtet, die Gr\u00fcnde f\u00fcr jede Verwendung personenbezogener Daten in dieser Richtlinie anzugeben.<\/p>\n<p><strong>Rechtfertigung der Verwendung: Zustimmung, rechtm\u00e4\u00dfiges Interesse.<\/strong><br \/>Legitimes Interesse: Diese Verarbeitung beruht auf dem berechtigten Interesse von Dakovo Hrast d.o.o, Informationen \u00fcber seine Aktivit\u00e4ten, Produkte und auf dem Markt angebotenen Dienstleistungen bereitzustellen. Die Grundrechte und -freiheiten bestehender und potenzieller Kunden\/Lieferanten\/Mitarbeiter werden gegen das Interesse von Dakovo Hrast d.o.o an der Verarbeitung personenbezogener Daten zu dem angegebenen Zweck abgewogen.<br \/>Wahlm\u00f6glichkeit: Die Zustimmung zum Direktmarketing kann jederzeit zur\u00fcckgezogen werden. Der Kunde kann auch der Verarbeitung von Daten f\u00fcr den oben genannten Zweck widersprechen.  <\/p>\n<p><strong>Rechtfertigung der Verwendung: Vertragserf\u00fcllung, berechtigte Interessen.<\/strong><br \/>Legitimes Interesse: Diese Verarbeitung beruht auf dem berechtigten Interesse von Dakovo Hrast d.o.o, seine Produkte, sein Know-how, seine Arbeitsqualit\u00e4t, seine Maschinen, seine Ausr\u00fcstung und seine Referenzen zu f\u00f6rdern. Die Grundrechte und -freiheiten der betroffenen Personen werden gegen das Interesse des Unternehmens an der Verarbeitung der personenbezogenen Daten der Kunden zu dem angegebenen Zweck abgewogen.<br \/>Wahlm\u00f6glichkeit: Die betroffene Person kann jederzeit der Verarbeitung ihrer personenbezogenen Daten aufgrund ihrer besonderen Situation widersprechen.<br \/>Dakovo Hrast d.o.o. unterliegt den Gesetzen der Republik Kroatien und ist verpflichtet, diese einzuhalten. Dazu geh\u00f6rt auch die Weitergabe Ihrer Daten an Strafverfolgungsbeh\u00f6rden, Aufsichts- und Justizbeh\u00f6rden sowie an Dritte im Zusammenhang mit Verfahren oder Ermittlungen \u00fcberall auf der Welt, sofern dies erforderlich ist. Soweit zul\u00e4ssig, werden wir Sie direkt \u00fcber eine solche Anfrage informieren oder Sie vor der Beantwortung in Kenntnis setzen, es sei denn, dies k\u00f6nnte Auswirkungen auf die Verhinderung oder Aufdeckung einer Straftat haben.<br \/>Die Bereitstellung personenbezogener Daten, um verbindlichen Anfragen nach Ihren Daten nachzukommen, stellt eine rechtliche Verpflichtung dar, die von der jeweiligen Anfrage abh\u00e4ngt.   <\/p>\n<p><strong>Weitergabe an Dritte<\/strong><br \/>Personenbezogene Daten k\u00f6nnen innerhalb der Unternehmensgruppe Dakovo Hrast d.o.o. ausschlie\u00dflich zu dem Zweck \u00fcbermittelt werden, Ihnen bessere und angemessenere Informationen \u00fcber Produkte zur Verf\u00fcgung zu stellen.<br \/>Das Unternehmen ergreift alle erforderlichen Ma\u00dfnahmen, um Ihre Daten gem\u00e4\u00df den geltenden Vorschriften und bew\u00e4hrten Verfahren zu sch\u00fctzen. Wir verarbeiten personenbezogene Daten auf sichere Weise, einschlie\u00dflich des Schutzes vor unbefugter oder unrechtm\u00e4\u00dfiger Verarbeitung und Verlust.<br \/>Alle Ihre Daten werden auf unseren sicheren Servern und den sicheren Servern unserer Unterauftragnehmer oder Gesch\u00e4ftspartner (oder auf sicheren gedruckten Kopien) gespeichert und werden in \u00dcbereinstimmung mit unseren Sicherheitsrichtlinien und -standards (oder gleichwertigen Standards unserer Unterauftragnehmer oder Gesch\u00e4ftspartner) aufgerufen und verwendet. <\/p>\n<p><strong>Wie wir die Sicherheit Ihrer Daten sch\u00fctzen<\/strong><br \/>Wir verwenden verschiedene Sicherheitsma\u00dfnahmen, einschlie\u00dflich Verschl\u00fcsselung und Authentifizierung, um die Sicherheit, Integrit\u00e4t und Verf\u00fcgbarkeit Ihrer Daten zu sch\u00fctzen und zu erhalten.<br \/>Unter anderem setzen wir die folgenden Ma\u00dfnahmen ein:<br \/><strong> \u00b7 <\/strong> Streng begrenzter pers\u00f6nlicher Zugang zu Ihren Daten auf einer \u201eNeed-to-know\u201c-Basis und ausschlie\u00dflich f\u00fcr den Zweck, \u00fcber den Sie informiert wurden,<br \/><strong> \u00b7 <\/strong> Sichere \u00dcbermittlung der erhobenen Daten,<br \/><strong> \u00b7 <\/strong> Einrichtung von Firewalls auf IT-Systemen, um unbefugten Zugriff zu verhindern, und<br \/><strong> \u00b7 <\/strong> St\u00e4ndige \u00dcberwachung des Zugangs zu den IT-Systemen, um den Missbrauch personenbezogener Daten aufzudecken und zu verhindern.<\/p>\n<p><strong>Wie lange wir Ihre Daten aufbewahren<\/strong><br \/>Wir speichern und verarbeiten personenbezogene Daten nur so lange, wie es zur Erf\u00fcllung eines bestimmten rechtm\u00e4\u00dfigen Zwecks erforderlich ist, es sei denn, die geltenden Vorschriften sehen f\u00fcr einen bestimmten Zweck eine l\u00e4ngere Aufbewahrungsfrist vor. Im Falle einer Einwilligung zur Vermarktung werden die Daten so lange aufbewahrt, wie die Einwilligung nicht widerrufen wird. Bei abgelehnten Angeboten, f\u00fcr die keine Marketing-Zustimmung erteilt wurde, werden die Daten im Zusammenhang mit dem Angebot ein Jahr lang aufbewahrt und auf Ihren Wunsch hin unverz\u00fcglich gel\u00f6scht.<br \/>Personenbezogene Daten, die nicht mehr ben\u00f6tigt werden, werden entweder unwiderruflich anonymisiert oder sicher vernichtet.  <\/p>\n<p><strong>Kontaktaufnahme mit uns, Ihre Datenschutzrechte und Ihr Recht auf Beschwerde bei der Datenschutzbeh\u00f6rde<\/strong><br \/>Wenn Sie Fragen zur Verwendung Ihrer Daten haben, wenden Sie sich bitte per E-Mail an uns:<br \/>E-Mail: info@djakovo-hrast.hr<br \/>Sie haben das Recht auf:<br \/> <strong> \u00b7 <\/strong> Sie k\u00f6nnen verlangen, dass wir Ihnen zus\u00e4tzliche Informationen \u00fcber die Verwendung Ihrer Daten geben,<br \/> <strong> \u00b7 <\/strong> Ihnen eine Kopie der personenbezogenen Daten zukommen zu lassen, die Sie uns zur Verf\u00fcgung gestellt haben,<br \/> <strong> \u00b7 <\/strong> Ihre personenbezogenen Daten in einem strukturierten, allgemein gebr\u00e4uchlichen und maschinenlesbaren Format zu erhalten und &#8211; soweit technisch m\u00f6glich &#8211; diese Daten ungehindert an einen anderen f\u00fcr die Verarbeitung Verantwortlichen zu \u00fcbermitteln, wenn die Verarbeitung Ihrer Daten auf Ihrer Einwilligung beruht und mit automatischen Mitteln erfolgt,<br \/> <strong> \u00b7 <\/strong> Sie k\u00f6nnen uns auffordern, die uns vorliegenden Daten zu aktualisieren, falls sie unrichtig sind,<br \/> <strong> \u00b7 <\/strong> Sie k\u00f6nnen verlangen, dass wir alle Daten l\u00f6schen, f\u00fcr deren Verwendung wir keine Rechtsgrundlage mehr haben,<br \/> <strong> \u00b7 <\/strong> In F\u00e4llen, in denen die Verarbeitung auf einer Einwilligung beruht und Direktmarketing betrifft, k\u00f6nnen Sie Ihre Einwilligung mit Wirkung f\u00fcr die Zukunft widerrufen, so dass wir eine solche spezifische Verarbeitung einstellen,<br \/>  &#8211; <strong> Widerspruch <\/strong> gegen eine Verarbeitung [including profiling] auf der Grundlage eines berechtigten Interesses aufgrund Ihrer besonderen Situation <strong> einlegen <\/strong>, es sei denn, die Gr\u00fcnde f\u00fcr eine solche Verarbeitung \u00fcberwiegen das Recht auf Datenschutz,<br \/> <strong> \u00b7 <\/strong> Zu verlangen, dass wir die Verwendung Ihrer Daten einschr\u00e4nken, z. B. w\u00e4hrend der Bearbeitung eines Widerspruchs.<br \/>Die Aus\u00fcbung dieser Rechte unterliegt bestimmten Ausnahmen zum Schutz des \u00f6ffentlichen Interesses (z. B. Verhinderung oder Aufdeckung von Straftaten), unserer Interessen (z. B. gesetzliche Verpflichtungen) oder der Rechte und Freiheiten anderer. Wenn Sie von einem dieser Rechte Gebrauch machen, pr\u00fcfen wir die G\u00fcltigkeit Ihres Antrags und antworten unverz\u00fcglich, sp\u00e4testens jedoch innerhalb eines Monats. In komplexen F\u00e4llen oder bei einer gro\u00dfen Zahl von Anfragen kann diese Frist um zwei Monate verl\u00e4ngert werden, wor\u00fcber wir Sie informieren werden.  <br \/>\u0110akovo Hrast d.o.o wird Ihre Daten rechtm\u00e4\u00dfig und sicher verarbeiten. Wenn Sie der Meinung sind, dass Ihre Daten unrechtm\u00e4\u00dfig verarbeitet werden und Sie dies nicht mit uns kl\u00e4ren k\u00f6nnen, haben Sie das Recht, eine Beschwerde bei der Aufsichtsbeh\u00f6rde (Agentur f\u00fcr den Schutz personenbezogener Daten &#8211; AZOP) einzureichen. <\/p>\n<p><strong>Verarbeitung von personenbezogenen Daten zu Marketingzwecken<\/strong><br \/>\u0110akovo Hrast d.o.o verarbeitet personenbezogene Daten der betroffenen Personen f\u00fcr Marketingkommunikation und Marktforschungszwecke ausschlie\u00dflich auf der Grundlage einer vorherigen Einwilligung. Die Zustimmung zur Marketingkommunikation kann jederzeit durch eine E-Mail an info@djakovo-hrast.hr widerrufen werden. <\/p>\n<p><strong>Offene Stellenbewerbungen<\/strong><br \/>Personenbezogene Daten, die im Rahmen offener Bewerbungen \u00fcbermittelt werden, werden ausschlie\u00dflich zum Zweck der Durchf\u00fchrung des Auswahlverfahrens bei der Einstellung verarbeitet und zwei Jahre lang aufbewahrt.<\/p>\n<p><strong>Empf\u00e4nger von personenbezogenen Daten<\/strong><br \/>\u0110akovo Hrast d.o.o wird die personenbezogenen Daten der betroffenen Personen nur aufgrund einer gesetzlichen Verpflichtung oder einer begr\u00fcndeten Anfrage einer zust\u00e4ndigen Beh\u00f6rde an andere Empf\u00e4nger weitergeben. Die Daten k\u00f6nnen auch an vertrauensw\u00fcrdige Partner weitergegeben werden, um Kundensupport zu leisten, IT-Systeme zu warten oder \u00e4hnliche Dienstleistungen zu erbringen, die von einer dritten Partei bereitgestellt werden. <\/p>\n\t\t\t\t\t\t\t\t<\/div>\n\t\t\t\t<\/div>\n\t\t\t\t<\/div>\n\t\t\t\t\t<\/div>\n\t\t\t\t<\/div>\n\t\t\t\t<\/div>\n\t\t","protected":false},"excerpt":{"rendered":"<p>Datenschutzbestimmungen Dakovo Hrast d.o.oPetra Preradovi\u0107a 217Dakovo, Croatia.OIB (VAT): 47347730721 Das Unternehmen verarbeitet personenbezogene Daten betroffener Personen nur, wenn es daf\u00fcr eine klar definierte Rechtsgrundlage gibt &#8211; Vertragsverh\u00e4ltnis, Einwilligung der betroffenen Person, berechtigtes Interesse oder gesetzliche Verpflichtung. Nutzung der Website djakovo-hrast.hrDakovo Hrast d.o.o (das Unternehmen) respektiert die Privatsph\u00e4re der Besucher der Website djakovo-hrast.hr und sammelt nur [&hellip;]<\/p>\n","protected":false},"author":1,"featured_media":0,"parent":0,"menu_order":0,"comment_status":"closed","ping_status":"closed","template":"","meta":{"_acf_changed":false,"inline_featured_image":false,"footnotes":""},"class_list":["post-2349","page","type-page","status-publish","hentry"],"acf":[],"yoast_head":"<!-- This site is optimized with the Yoast SEO plugin v27.1.1 - https:\/\/yoast.com\/product\/yoast-seo-wordpress\/ -->\n<title>Datenschutzbestimmungen - Djakovo Hrast<\/title>\n<meta name=\"robots\" content=\"index, follow, max-snippet:-1, max-image-preview:large, max-video-preview:-1\" \/>\n<link rel=\"canonical\" href=\"https:\/\/djakovo-hrast.hr\/de\/datenschutzbestimmungen\/\" \/>\n<meta property=\"og:locale\" content=\"de_DE\" \/>\n<meta property=\"og:type\" content=\"article\" \/>\n<meta property=\"og:title\" content=\"Datenschutzbestimmungen - Djakovo Hrast\" \/>\n<meta property=\"og:description\" content=\"Datenschutzbestimmungen Dakovo Hrast d.o.oPetra Preradovi\u0107a 217Dakovo, Croatia.OIB (VAT): 47347730721 Das Unternehmen verarbeitet personenbezogene Daten betroffener Personen nur, wenn es daf\u00fcr eine klar definierte Rechtsgrundlage gibt &#8211; Vertragsverh\u00e4ltnis, Einwilligung der betroffenen Person, berechtigtes Interesse oder gesetzliche Verpflichtung. Nutzung der Website djakovo-hrast.hrDakovo Hrast d.o.o (das Unternehmen) respektiert die Privatsph\u00e4re der Besucher der Website djakovo-hrast.hr und sammelt nur [&hellip;]\" \/>\n<meta property=\"og:url\" content=\"https:\/\/djakovo-hrast.hr\/de\/datenschutzbestimmungen\/\" \/>\n<meta property=\"og:site_name\" content=\"Djakovo Hrast\" \/>\n<meta property=\"article:modified_time\" content=\"2024-09-23T21:00:53+00:00\" \/>\n<meta name=\"twitter:card\" content=\"summary_large_image\" \/>\n<meta name=\"twitter:label1\" content=\"Gesch\u00e4tzte Lesezeit\" \/>\n\t<meta name=\"twitter:data1\" content=\"8\u00a0Minuten\" \/>\n<script type=\"application\/ld+json\" class=\"yoast-schema-graph\">{\"@context\":\"https:\/\/schema.org\",\"@graph\":[{\"@type\":\"WebPage\",\"@id\":\"https:\/\/djakovo-hrast.hr\/de\/datenschutzbestimmungen\/\",\"url\":\"https:\/\/djakovo-hrast.hr\/de\/datenschutzbestimmungen\/\",\"name\":\"Datenschutzbestimmungen - Djakovo Hrast\",\"isPartOf\":{\"@id\":\"https:\/\/djakovo-hrast.hr\/de\/#website\"},\"datePublished\":\"2024-09-09T08:33:42+00:00\",\"dateModified\":\"2024-09-23T21:00:53+00:00\",\"breadcrumb\":{\"@id\":\"https:\/\/djakovo-hrast.hr\/de\/datenschutzbestimmungen\/#breadcrumb\"},\"inLanguage\":\"de\",\"potentialAction\":[{\"@type\":\"ReadAction\",\"target\":[\"https:\/\/djakovo-hrast.hr\/de\/datenschutzbestimmungen\/\"]}]},{\"@type\":\"BreadcrumbList\",\"@id\":\"https:\/\/djakovo-hrast.hr\/de\/datenschutzbestimmungen\/#breadcrumb\",\"itemListElement\":[{\"@type\":\"ListItem\",\"position\":1,\"name\":\"Home\",\"item\":\"https:\/\/djakovo-hrast.hr\/de\/\"},{\"@type\":\"ListItem\",\"position\":2,\"name\":\"Datenschutzbestimmungen\"}]},{\"@type\":\"WebSite\",\"@id\":\"https:\/\/djakovo-hrast.hr\/de\/#website\",\"url\":\"https:\/\/djakovo-hrast.hr\/de\/\",\"name\":\"Djakovo Hrast\",\"description\":\"\",\"publisher\":{\"@id\":\"https:\/\/djakovo-hrast.hr\/de\/#organization\"},\"potentialAction\":[{\"@type\":\"SearchAction\",\"target\":{\"@type\":\"EntryPoint\",\"urlTemplate\":\"https:\/\/djakovo-hrast.hr\/de\/?s={search_term_string}\"},\"query-input\":{\"@type\":\"PropertyValueSpecification\",\"valueRequired\":true,\"valueName\":\"search_term_string\"}}],\"inLanguage\":\"de\"},{\"@type\":\"Organization\",\"@id\":\"https:\/\/djakovo-hrast.hr\/de\/#organization\",\"name\":\"Djakovo Hrast\",\"url\":\"https:\/\/djakovo-hrast.hr\/de\/\",\"logo\":{\"@type\":\"ImageObject\",\"inLanguage\":\"de\",\"@id\":\"https:\/\/djakovo-hrast.hr\/de\/#\/schema\/logo\/image\/\",\"url\":\"https:\/\/djakovo-hrast.hr\/wp-content\/uploads\/2024\/09\/hrast.svg\",\"contentUrl\":\"https:\/\/djakovo-hrast.hr\/wp-content\/uploads\/2024\/09\/hrast.svg\",\"width\":64,\"height\":59,\"caption\":\"Djakovo Hrast\"},\"image\":{\"@id\":\"https:\/\/djakovo-hrast.hr\/de\/#\/schema\/logo\/image\/\"}}]}<\/script>\n<!-- \/ Yoast SEO plugin. -->","yoast_head_json":{"title":"Datenschutzbestimmungen - Djakovo Hrast","robots":{"index":"index","follow":"follow","max-snippet":"max-snippet:-1","max-image-preview":"max-image-preview:large","max-video-preview":"max-video-preview:-1"},"canonical":"https:\/\/djakovo-hrast.hr\/de\/datenschutzbestimmungen\/","og_locale":"de_DE","og_type":"article","og_title":"Datenschutzbestimmungen - Djakovo Hrast","og_description":"Datenschutzbestimmungen Dakovo Hrast d.o.oPetra Preradovi\u0107a 217Dakovo, Croatia.OIB (VAT): 47347730721 Das Unternehmen verarbeitet personenbezogene Daten betroffener Personen nur, wenn es daf\u00fcr eine klar definierte Rechtsgrundlage gibt &#8211; Vertragsverh\u00e4ltnis, Einwilligung der betroffenen Person, berechtigtes Interesse oder gesetzliche Verpflichtung. Nutzung der Website djakovo-hrast.hrDakovo Hrast d.o.o (das Unternehmen) respektiert die Privatsph\u00e4re der Besucher der Website djakovo-hrast.hr und sammelt nur [&hellip;]","og_url":"https:\/\/djakovo-hrast.hr\/de\/datenschutzbestimmungen\/","og_site_name":"Djakovo Hrast","article_modified_time":"2024-09-23T21:00:53+00:00","twitter_card":"summary_large_image","twitter_misc":{"Gesch\u00e4tzte Lesezeit":"8\u00a0Minuten"},"schema":{"@context":"https:\/\/schema.org","@graph":[{"@type":"WebPage","@id":"https:\/\/djakovo-hrast.hr\/de\/datenschutzbestimmungen\/","url":"https:\/\/djakovo-hrast.hr\/de\/datenschutzbestimmungen\/","name":"Datenschutzbestimmungen - Djakovo Hrast","isPartOf":{"@id":"https:\/\/djakovo-hrast.hr\/de\/#website"},"datePublished":"2024-09-09T08:33:42+00:00","dateModified":"2024-09-23T21:00:53+00:00","breadcrumb":{"@id":"https:\/\/djakovo-hrast.hr\/de\/datenschutzbestimmungen\/#breadcrumb"},"inLanguage":"de","potentialAction":[{"@type":"ReadAction","target":["https:\/\/djakovo-hrast.hr\/de\/datenschutzbestimmungen\/"]}]},{"@type":"BreadcrumbList","@id":"https:\/\/djakovo-hrast.hr\/de\/datenschutzbestimmungen\/#breadcrumb","itemListElement":[{"@type":"ListItem","position":1,"name":"Home","item":"https:\/\/djakovo-hrast.hr\/de\/"},{"@type":"ListItem","position":2,"name":"Datenschutzbestimmungen"}]},{"@type":"WebSite","@id":"https:\/\/djakovo-hrast.hr\/de\/#website","url":"https:\/\/djakovo-hrast.hr\/de\/","name":"Djakovo Hrast","description":"","publisher":{"@id":"https:\/\/djakovo-hrast.hr\/de\/#organization"},"potentialAction":[{"@type":"SearchAction","target":{"@type":"EntryPoint","urlTemplate":"https:\/\/djakovo-hrast.hr\/de\/?s={search_term_string}"},"query-input":{"@type":"PropertyValueSpecification","valueRequired":true,"valueName":"search_term_string"}}],"inLanguage":"de"},{"@type":"Organization","@id":"https:\/\/djakovo-hrast.hr\/de\/#organization","name":"Djakovo Hrast","url":"https:\/\/djakovo-hrast.hr\/de\/","logo":{"@type":"ImageObject","inLanguage":"de","@id":"https:\/\/djakovo-hrast.hr\/de\/#\/schema\/logo\/image\/","url":"https:\/\/djakovo-hrast.hr\/wp-content\/uploads\/2024\/09\/hrast.svg","contentUrl":"https:\/\/djakovo-hrast.hr\/wp-content\/uploads\/2024\/09\/hrast.svg","width":64,"height":59,"caption":"Djakovo Hrast"},"image":{"@id":"https:\/\/djakovo-hrast.hr\/de\/#\/schema\/logo\/image\/"}}]}},"_links":{"self":[{"href":"https:\/\/djakovo-hrast.hr\/de\/wp-json\/wp\/v2\/pages\/2349","targetHints":{"allow":["GET"]}}],"collection":[{"href":"https:\/\/djakovo-hrast.hr\/de\/wp-json\/wp\/v2\/pages"}],"about":[{"href":"https:\/\/djakovo-hrast.hr\/de\/wp-json\/wp\/v2\/types\/page"}],"author":[{"embeddable":true,"href":"https:\/\/djakovo-hrast.hr\/de\/wp-json\/wp\/v2\/users\/1"}],"replies":[{"embeddable":true,"href":"https:\/\/djakovo-hrast.hr\/de\/wp-json\/wp\/v2\/comments?post=2349"}],"version-history":[{"count":2,"href":"https:\/\/djakovo-hrast.hr\/de\/wp-json\/wp\/v2\/pages\/2349\/revisions"}],"predecessor-version":[{"id":2752,"href":"https:\/\/djakovo-hrast.hr\/de\/wp-json\/wp\/v2\/pages\/2349\/revisions\/2752"}],"wp:attachment":[{"href":"https:\/\/djakovo-hrast.hr\/de\/wp-json\/wp\/v2\/media?parent=2349"}],"curies":[{"name":"wp","href":"https:\/\/api.w.org\/{rel}","templated":true}]}}