{"id":2356,"date":"2024-09-09T08:33:32","date_gmt":"2024-09-09T08:33:32","guid":{"rendered":"https:\/\/djakovo-hrast.hr\/kontakt\/"},"modified":"2024-11-20T21:44:45","modified_gmt":"2024-11-20T21:44:45","slug":"kontakt","status":"publish","type":"page","link":"https:\/\/djakovo-hrast.hr\/de\/kontakt\/","title":{"rendered":"Kontakt"},"content":{"rendered":"\t\t<div data-elementor-type=\"wp-page\" data-elementor-id=\"2356\" class=\"elementor elementor-2356 elementor-27\" data-elementor-post-type=\"page\">\n\t\t\t\t<div class=\"elementor-element elementor-element-3ed4a5c e-flex e-con-boxed elementor-invisible e-con e-parent\" data-id=\"3ed4a5c\" data-element_type=\"container\" data-settings=\"{&quot;animation&quot;:&quot;fadeIn&quot;}\">\n\t\t\t\t\t<div class=\"e-con-inner\">\n\t\t<div class=\"elementor-element elementor-element-735181c e-con-full e-flex e-con e-child\" data-id=\"735181c\" data-element_type=\"container\">\n\t\t\t\t<div class=\"elementor-element elementor-element-0c2e807 elementor-widget elementor-widget-heading\" data-id=\"0c2e807\" data-element_type=\"widget\" data-widget_type=\"heading.default\">\n\t\t\t\t<div class=\"elementor-widget-container\">\n\t\t\t\t\t<h1 class=\"elementor-heading-title elementor-size-default\">LET'S TALK<\/h1>\t\t\t\t<\/div>\n\t\t\t\t<\/div>\n\t\t\t\t<div class=\"elementor-element elementor-element-9edb3b2 elementor-widget elementor-widget-text-editor\" data-id=\"9edb3b2\" data-element_type=\"widget\" data-widget_type=\"text-editor.default\">\n\t\t\t\t<div class=\"elementor-widget-container\">\n\t\t\t\t\t\t\t\t\t<p>Egal ob Sie H\u00e4ndler, Produzent oder Entwickler sind, wir wollen von Ihnen h\u00f6ren!<br \/>Nehmen Sie noch heute Kontakt mit uns auf, um herauszufinden, wie wir zusammenarbeiten und gemeinsam Gro\u00dfes erreichen k\u00f6nnen.<\/p>\n\t\t\t\t\t\t\t\t<\/div>\n\t\t\t\t<\/div>\n\t\t<div class=\"elementor-element elementor-element-830d140 e-con-full elementor-hidden-mobile e-flex e-con e-child\" data-id=\"830d140\" data-element_type=\"container\">\n\t\t\t\t<div class=\"elementor-element elementor-element-b4590f8 elementor-widget elementor-widget-heading\" data-id=\"b4590f8\" data-element_type=\"widget\" data-widget_type=\"heading.default\">\n\t\t\t\t<div class=\"elementor-widget-container\">\n\t\t\t\t\t<span class=\"elementor-heading-title elementor-size-default\">EMAIL<\/span>\t\t\t\t<\/div>\n\t\t\t\t<\/div>\n\t\t<a class=\"elementor-element elementor-element-efdb329 e-con-full e-flex e-con e-child\" data-id=\"efdb329\" data-element_type=\"container\" href=\"mailto:info@djakovo-hrast.hr\">\n\t\t\t\t<div class=\"elementor-element elementor-element-8c76abe elementor-widget elementor-widget-heading\" data-id=\"8c76abe\" data-element_type=\"widget\" data-widget_type=\"heading.default\">\n\t\t\t\t<div class=\"elementor-widget-container\">\n\t\t\t\t\t<span class=\"elementor-heading-title elementor-size-default\">info@djakovo-hrast.hr<\/span>\t\t\t\t<\/div>\n\t\t\t\t<\/div>\n\t\t\t\t<\/a>\n\t\t\t\t<div class=\"elementor-element elementor-element-f15dd30 elementor-widget elementor-widget-heading\" data-id=\"f15dd30\" data-element_type=\"widget\" data-widget_type=\"heading.default\">\n\t\t\t\t<div class=\"elementor-widget-container\">\n\t\t\t\t\t<span class=\"elementor-heading-title elementor-size-default\">VERKAUFSABTEILUNG<\/span>\t\t\t\t<\/div>\n\t\t\t\t<\/div>\n\t\t\t\t<div class=\"elementor-element elementor-element-4175167 elementor-widget elementor-widget-heading\" data-id=\"4175167\" data-element_type=\"widget\" data-widget_type=\"heading.default\">\n\t\t\t\t<div class=\"elementor-widget-container\">\n\t\t\t\t\t<h2 class=\"elementor-heading-title elementor-size-default\"><a href=\"tel:+385992328431\">Telefon: +385992328431<\/a><\/h2>\t\t\t\t<\/div>\n\t\t\t\t<\/div>\n\t\t\t\t<\/div>\n\t\t\t\t<\/div>\n\t\t<div class=\"elementor-element elementor-element-5a6e062 e-con-full e-flex e-con e-child\" data-id=\"5a6e062\" data-element_type=\"container\">\n\t\t\t\t<div class=\"elementor-element elementor-element-351d513 elementor-button-align-stretch elementor-widget elementor-widget-form\" data-id=\"351d513\" data-element_type=\"widget\" data-settings=\"{&quot;step_next_label&quot;:&quot;Weiter&quot;,&quot;step_previous_label&quot;:&quot;Vorherige&quot;,&quot;button_width&quot;:&quot;100&quot;,&quot;step_type&quot;:&quot;number_text&quot;,&quot;step_icon_shape&quot;:&quot;circle&quot;}\" data-widget_type=\"form.default\">\n\t\t\t\t<div class=\"elementor-widget-container\">\n\t\t\t\t\t\t\t<form class=\"elementor-form\" method=\"post\" id=\"contactform\" name=\"Kontakt-Formular\">\n\t\t\t<input type=\"hidden\" name=\"post_id\" value=\"2356\"\/>\n\t\t\t<input type=\"hidden\" name=\"form_id\" value=\"351d513\"\/>\n\t\t\t<input type=\"hidden\" name=\"referer_title\" value=\"Kontaktieren Sie \u0110akovo Hrast\" \/>\n\n\t\t\t\t\t\t\t<input type=\"hidden\" name=\"queried_id\" value=\"2356\"\/>\n\t\t\t\n\t\t\t<div class=\"elementor-form-fields-wrapper elementor-labels-above\">\n\t\t\t\t\t\t\t\t<div class=\"elementor-field-type-text elementor-field-group elementor-column elementor-field-group-name elementor-col-100 elementor-md-100 elementor-field-required\">\n\t\t\t\t\t\t\t\t\t\t\t\t<label for=\"form-field-name\" class=\"elementor-field-label\">\n\t\t\t\t\t\t\t\tName\t\t\t\t\t\t\t<\/label>\n\t\t\t\t\t\t\t\t\t\t\t\t\t\t<input size=\"1\" type=\"text\" name=\"form_fields[name]\" id=\"form-field-name\" class=\"elementor-field elementor-size-sm  elementor-field-textual\" required=\"required\">\n\t\t\t\t\t\t\t\t\t\t\t<\/div>\n\t\t\t\t\t\t\t\t<div class=\"elementor-field-type-email elementor-field-group elementor-column elementor-field-group-email elementor-col-100 elementor-md-100 elementor-field-required\">\n\t\t\t\t\t\t\t\t\t\t\t\t<label for=\"form-field-email\" class=\"elementor-field-label\">\n\t\t\t\t\t\t\t\tEmail\t\t\t\t\t\t\t<\/label>\n\t\t\t\t\t\t\t\t\t\t\t\t\t\t<input size=\"1\" type=\"email\" name=\"form_fields[email]\" id=\"form-field-email\" class=\"elementor-field elementor-size-sm  elementor-field-textual\" required=\"required\">\n\t\t\t\t\t\t\t\t\t\t\t<\/div>\n\t\t\t\t\t\t\t\t<div class=\"elementor-field-type-select elementor-field-group elementor-column elementor-field-group-whatservices elementor-col-100 elementor-md-100 elementor-field-required\">\n\t\t\t\t\t\t\t\t\t\t\t\t<label for=\"form-field-whatservices\" class=\"elementor-field-label\">\n\t\t\t\t\t\t\t\tAn welcher Dienstleistung sind Sie interessiert?\t\t\t\t\t\t\t<\/label>\n\t\t\t\t\t\t\t\t<div class=\"elementor-field elementor-select-wrapper remove-before \">\n\t\t\t<div class=\"select-caret-down-wrapper\">\n\t\t\t\t<svg aria-hidden=\"true\" class=\"e-font-icon-svg e-eicon-caret-down\" viewBox=\"0 0 571.4 571.4\" xmlns=\"http:\/\/www.w3.org\/2000\/svg\"><path d=\"M571 393Q571 407 561 418L311 668Q300 679 286 679T261 668L11 418Q0 407 0 393T11 368 36 357H536Q550 357 561 368T571 393Z\"><\/path><\/svg>\t\t\t<\/div>\n\t\t\t<select name=\"form_fields[whatservices]\" id=\"form-field-whatservices\" class=\"elementor-field-textual elementor-size-sm\" required=\"required\">\n\t\t\t\t\t\t\t\t\t<option value=\"Verkauf\">Verkauf<\/option>\n\t\t\t\t\t\t\t\t\t<option value=\"Vertrieb\">Vertrieb<\/option>\n\t\t\t\t\t\t\t\t\t<option value=\"Produktion\">Produktion<\/option>\n\t\t\t\t\t\t\t<\/select>\n\t\t<\/div>\n\t\t\t\t\t\t<\/div>\n\t\t\t\t\t\t\t\t<div class=\"elementor-field-type-textarea elementor-field-group elementor-column elementor-field-group-message elementor-col-100 elementor-md-100 elementor-field-required\">\n\t\t\t\t\t\t\t\t\t\t\t\t<label for=\"form-field-message\" class=\"elementor-field-label\">\n\t\t\t\t\t\t\t\tNachricht\t\t\t\t\t\t\t<\/label>\n\t\t\t\t\t\t<textarea class=\"elementor-field-textual elementor-field  elementor-size-sm\" name=\"form_fields[message]\" id=\"form-field-message\" rows=\"4\" required=\"required\"><\/textarea>\t\t\t\t<\/div>\n\t\t\t\t\t\t\t\t<div class=\"elementor-field-group elementor-column elementor-field-type-submit elementor-col-100 e-form__buttons\">\n\t\t\t\t\t<button class=\"elementor-button elementor-size-sm\" type=\"submit\">\n\t\t\t\t\t\t<span class=\"elementor-button-content-wrapper\">\n\t\t\t\t\t\t\t\t\t\t\t\t\t\t\t\t\t\t\t\t\t\t<span class=\"elementor-button-text\">SUBMIT<\/span>\n\t\t\t\t\t\t\t\t\t\t\t\t\t<\/span>\n\t\t\t\t\t<\/button>\n\t\t\t\t<\/div>\n\t\t\t<\/div>\n\t\t<\/form>\n\t\t\t\t\t\t<\/div>\n\t\t\t\t<\/div>\n\t\t\t\t<\/div>\n\t\t<div class=\"elementor-element elementor-element-f41a4de e-con-full elementor-hidden-desktop elementor-hidden-tablet e-flex e-con e-child\" data-id=\"f41a4de\" data-element_type=\"container\">\n\t\t\t\t<div class=\"elementor-element elementor-element-d9abdbf elementor-widget elementor-widget-heading\" data-id=\"d9abdbf\" data-element_type=\"widget\" data-widget_type=\"heading.default\">\n\t\t\t\t<div class=\"elementor-widget-container\">\n\t\t\t\t\t<span class=\"elementor-heading-title elementor-size-default\">EMAIL<\/span>\t\t\t\t<\/div>\n\t\t\t\t<\/div>\n\t\t<a class=\"elementor-element elementor-element-f1302fb e-con-full e-flex e-con e-child\" data-id=\"f1302fb\" data-element_type=\"container\" href=\"mailto:info@djakovo-hrast.hr\">\n\t\t\t\t<div class=\"elementor-element elementor-element-a053371 elementor-widget elementor-widget-heading\" data-id=\"a053371\" data-element_type=\"widget\" data-widget_type=\"heading.default\">\n\t\t\t\t<div class=\"elementor-widget-container\">\n\t\t\t\t\t<span class=\"elementor-heading-title elementor-size-default\">info@djakovo-hrast.hr<\/span>\t\t\t\t<\/div>\n\t\t\t\t<\/div>\n\t\t\t\t<\/a>\n\t\t\t\t<div class=\"elementor-element elementor-element-29d762f elementor-widget elementor-widget-heading\" data-id=\"29d762f\" data-element_type=\"widget\" data-widget_type=\"heading.default\">\n\t\t\t\t<div class=\"elementor-widget-container\">\n\t\t\t\t\t<span class=\"elementor-heading-title elementor-size-default\">VERKAUFSABTEILUNG<\/span>\t\t\t\t<\/div>\n\t\t\t\t<\/div>\n\t\t\t\t<div class=\"elementor-element elementor-element-d56ff2b elementor-widget elementor-widget-heading\" data-id=\"d56ff2b\" data-element_type=\"widget\" data-widget_type=\"heading.default\">\n\t\t\t\t<div class=\"elementor-widget-container\">\n\t\t\t\t\t<h2 class=\"elementor-heading-title elementor-size-default\"><a href=\"tel:+385992328431\">Telefon: +385992328431<\/a><\/h2>\t\t\t\t<\/div>\n\t\t\t\t<\/div>\n\t\t\t\t<\/div>\n\t\t\t\t\t<\/div>\n\t\t\t\t<\/div>\n\t\t\t\t<\/div>\n\t\t","protected":false},"excerpt":{"rendered":"<p>LET&#8217;S TALK Egal ob Sie H\u00e4ndler, Produzent oder Entwickler sind, wir wollen von Ihnen h\u00f6ren! Nehmen Sie noch heute Kontakt mit uns auf, um herauszufinden, wie wir zusammenarbeiten und gemeinsam Gro\u00dfes erreichen k\u00f6nnen. EMAIL info@djakovo-hrast.hr VERKAUFSABTEILUNG Telefon: +385992328431 EMAIL info@djakovo-hrast.hr VERKAUFSABTEILUNG Telefon: +385992328431<\/p>\n","protected":false},"author":1,"featured_media":0,"parent":0,"menu_order":0,"comment_status":"closed","ping_status":"closed","template":"","meta":{"_acf_changed":false,"inline_featured_image":false,"footnotes":""},"class_list":["post-2356","page","type-page","status-publish","hentry"],"acf":[],"yoast_head":"<!-- This site is optimized with the Yoast SEO plugin v27.1.1 - https:\/\/yoast.com\/product\/yoast-seo-wordpress\/ -->\n<title>Kontaktieren Sie \u0110akovo Hrast<\/title>\n<meta name=\"description\" content=\"Kontaktieren Sie uns f\u00fcr Anfragen, Partnerschaften und mehr. Wir stehen Ihnen f\u00fcr alle Ihre Holzproduktanforderungen zur Verf\u00fcgung.\" \/>\n<meta name=\"robots\" content=\"index, follow, max-snippet:-1, max-image-preview:large, max-video-preview:-1\" \/>\n<link rel=\"canonical\" href=\"https:\/\/djakovo-hrast.hr\/de\/kontakt\/\" \/>\n<meta property=\"og:locale\" content=\"de_DE\" \/>\n<meta property=\"og:type\" content=\"article\" \/>\n<meta property=\"og:title\" content=\"Kontaktieren Sie \u0110akovo Hrast\" \/>\n<meta property=\"og:description\" content=\"Kontaktieren Sie uns f\u00fcr Anfragen, Partnerschaften und mehr. Wir stehen Ihnen f\u00fcr alle Ihre Holzproduktanforderungen zur Verf\u00fcgung.\" \/>\n<meta property=\"og:url\" content=\"https:\/\/djakovo-hrast.hr\/de\/kontakt\/\" \/>\n<meta property=\"og:site_name\" content=\"Djakovo Hrast\" \/>\n<meta property=\"article:modified_time\" content=\"2024-11-20T21:44:45+00:00\" \/>\n<meta name=\"twitter:card\" content=\"summary_large_image\" \/>\n<meta name=\"twitter:label1\" content=\"Gesch\u00e4tzte Lesezeit\" \/>\n\t<meta name=\"twitter:data1\" content=\"1\u00a0Minute\" \/>\n<script type=\"application\/ld+json\" class=\"yoast-schema-graph\">{\"@context\":\"https:\/\/schema.org\",\"@graph\":[{\"@type\":\"WebPage\",\"@id\":\"https:\/\/djakovo-hrast.hr\/de\/kontakt\/\",\"url\":\"https:\/\/djakovo-hrast.hr\/de\/kontakt\/\",\"name\":\"Kontaktieren Sie \u0110akovo Hrast\",\"isPartOf\":{\"@id\":\"https:\/\/djakovo-hrast.hr\/de\/#website\"},\"datePublished\":\"2024-09-09T08:33:32+00:00\",\"dateModified\":\"2024-11-20T21:44:45+00:00\",\"description\":\"Kontaktieren Sie uns f\u00fcr Anfragen, Partnerschaften und mehr. Wir stehen Ihnen f\u00fcr alle Ihre Holzproduktanforderungen zur Verf\u00fcgung.\",\"breadcrumb\":{\"@id\":\"https:\/\/djakovo-hrast.hr\/de\/kontakt\/#breadcrumb\"},\"inLanguage\":\"de\",\"potentialAction\":[{\"@type\":\"ReadAction\",\"target\":[\"https:\/\/djakovo-hrast.hr\/de\/kontakt\/\"]}]},{\"@type\":\"BreadcrumbList\",\"@id\":\"https:\/\/djakovo-hrast.hr\/de\/kontakt\/#breadcrumb\",\"itemListElement\":[{\"@type\":\"ListItem\",\"position\":1,\"name\":\"Home\",\"item\":\"https:\/\/djakovo-hrast.hr\/de\/\"},{\"@type\":\"ListItem\",\"position\":2,\"name\":\"Kontakt\"}]},{\"@type\":\"WebSite\",\"@id\":\"https:\/\/djakovo-hrast.hr\/de\/#website\",\"url\":\"https:\/\/djakovo-hrast.hr\/de\/\",\"name\":\"Djakovo Hrast\",\"description\":\"\",\"publisher\":{\"@id\":\"https:\/\/djakovo-hrast.hr\/de\/#organization\"},\"potentialAction\":[{\"@type\":\"SearchAction\",\"target\":{\"@type\":\"EntryPoint\",\"urlTemplate\":\"https:\/\/djakovo-hrast.hr\/de\/?s={search_term_string}\"},\"query-input\":{\"@type\":\"PropertyValueSpecification\",\"valueRequired\":true,\"valueName\":\"search_term_string\"}}],\"inLanguage\":\"de\"},{\"@type\":\"Organization\",\"@id\":\"https:\/\/djakovo-hrast.hr\/de\/#organization\",\"name\":\"Djakovo Hrast\",\"url\":\"https:\/\/djakovo-hrast.hr\/de\/\",\"logo\":{\"@type\":\"ImageObject\",\"inLanguage\":\"de\",\"@id\":\"https:\/\/djakovo-hrast.hr\/de\/#\/schema\/logo\/image\/\",\"url\":\"https:\/\/djakovo-hrast.hr\/wp-content\/uploads\/2024\/09\/hrast.svg\",\"contentUrl\":\"https:\/\/djakovo-hrast.hr\/wp-content\/uploads\/2024\/09\/hrast.svg\",\"width\":64,\"height\":59,\"caption\":\"Djakovo Hrast\"},\"image\":{\"@id\":\"https:\/\/djakovo-hrast.hr\/de\/#\/schema\/logo\/image\/\"}}]}<\/script>\n<!-- \/ Yoast SEO plugin. -->","yoast_head_json":{"title":"Kontaktieren Sie \u0110akovo Hrast","description":"Kontaktieren Sie uns f\u00fcr Anfragen, Partnerschaften und mehr. Wir stehen Ihnen f\u00fcr alle Ihre Holzproduktanforderungen zur Verf\u00fcgung.","robots":{"index":"index","follow":"follow","max-snippet":"max-snippet:-1","max-image-preview":"max-image-preview:large","max-video-preview":"max-video-preview:-1"},"canonical":"https:\/\/djakovo-hrast.hr\/de\/kontakt\/","og_locale":"de_DE","og_type":"article","og_title":"Kontaktieren Sie \u0110akovo Hrast","og_description":"Kontaktieren Sie uns f\u00fcr Anfragen, Partnerschaften und mehr. Wir stehen Ihnen f\u00fcr alle Ihre Holzproduktanforderungen zur Verf\u00fcgung.","og_url":"https:\/\/djakovo-hrast.hr\/de\/kontakt\/","og_site_name":"Djakovo Hrast","article_modified_time":"2024-11-20T21:44:45+00:00","twitter_card":"summary_large_image","twitter_misc":{"Gesch\u00e4tzte Lesezeit":"1\u00a0Minute"},"schema":{"@context":"https:\/\/schema.org","@graph":[{"@type":"WebPage","@id":"https:\/\/djakovo-hrast.hr\/de\/kontakt\/","url":"https:\/\/djakovo-hrast.hr\/de\/kontakt\/","name":"Kontaktieren Sie \u0110akovo Hrast","isPartOf":{"@id":"https:\/\/djakovo-hrast.hr\/de\/#website"},"datePublished":"2024-09-09T08:33:32+00:00","dateModified":"2024-11-20T21:44:45+00:00","description":"Kontaktieren Sie uns f\u00fcr Anfragen, Partnerschaften und mehr. Wir stehen Ihnen f\u00fcr alle Ihre Holzproduktanforderungen zur Verf\u00fcgung.","breadcrumb":{"@id":"https:\/\/djakovo-hrast.hr\/de\/kontakt\/#breadcrumb"},"inLanguage":"de","potentialAction":[{"@type":"ReadAction","target":["https:\/\/djakovo-hrast.hr\/de\/kontakt\/"]}]},{"@type":"BreadcrumbList","@id":"https:\/\/djakovo-hrast.hr\/de\/kontakt\/#breadcrumb","itemListElement":[{"@type":"ListItem","position":1,"name":"Home","item":"https:\/\/djakovo-hrast.hr\/de\/"},{"@type":"ListItem","position":2,"name":"Kontakt"}]},{"@type":"WebSite","@id":"https:\/\/djakovo-hrast.hr\/de\/#website","url":"https:\/\/djakovo-hrast.hr\/de\/","name":"Djakovo Hrast","description":"","publisher":{"@id":"https:\/\/djakovo-hrast.hr\/de\/#organization"},"potentialAction":[{"@type":"SearchAction","target":{"@type":"EntryPoint","urlTemplate":"https:\/\/djakovo-hrast.hr\/de\/?s={search_term_string}"},"query-input":{"@type":"PropertyValueSpecification","valueRequired":true,"valueName":"search_term_string"}}],"inLanguage":"de"},{"@type":"Organization","@id":"https:\/\/djakovo-hrast.hr\/de\/#organization","name":"Djakovo Hrast","url":"https:\/\/djakovo-hrast.hr\/de\/","logo":{"@type":"ImageObject","inLanguage":"de","@id":"https:\/\/djakovo-hrast.hr\/de\/#\/schema\/logo\/image\/","url":"https:\/\/djakovo-hrast.hr\/wp-content\/uploads\/2024\/09\/hrast.svg","contentUrl":"https:\/\/djakovo-hrast.hr\/wp-content\/uploads\/2024\/09\/hrast.svg","width":64,"height":59,"caption":"Djakovo Hrast"},"image":{"@id":"https:\/\/djakovo-hrast.hr\/de\/#\/schema\/logo\/image\/"}}]}},"_links":{"self":[{"href":"https:\/\/djakovo-hrast.hr\/de\/wp-json\/wp\/v2\/pages\/2356","targetHints":{"allow":["GET"]}}],"collection":[{"href":"https:\/\/djakovo-hrast.hr\/de\/wp-json\/wp\/v2\/pages"}],"about":[{"href":"https:\/\/djakovo-hrast.hr\/de\/wp-json\/wp\/v2\/types\/page"}],"author":[{"embeddable":true,"href":"https:\/\/djakovo-hrast.hr\/de\/wp-json\/wp\/v2\/users\/1"}],"replies":[{"embeddable":true,"href":"https:\/\/djakovo-hrast.hr\/de\/wp-json\/wp\/v2\/comments?post=2356"}],"version-history":[{"count":10,"href":"https:\/\/djakovo-hrast.hr\/de\/wp-json\/wp\/v2\/pages\/2356\/revisions"}],"predecessor-version":[{"id":3001,"href":"https:\/\/djakovo-hrast.hr\/de\/wp-json\/wp\/v2\/pages\/2356\/revisions\/3001"}],"wp:attachment":[{"href":"https:\/\/djakovo-hrast.hr\/de\/wp-json\/wp\/v2\/media?parent=2356"}],"curies":[{"name":"wp","href":"https:\/\/api.w.org\/{rel}","templated":true}]}}