{"id":2361,"date":"2024-09-09T08:33:19","date_gmt":"2024-09-09T08:33:19","guid":{"rendered":"https:\/\/djakovo-hrast.hr\/nachhaltigkeit\/"},"modified":"2024-11-20T21:45:31","modified_gmt":"2024-11-20T21:45:31","slug":"nachhaltigkeit","status":"publish","type":"page","link":"https:\/\/djakovo-hrast.hr\/de\/nachhaltigkeit\/","title":{"rendered":"Nachhaltigkeit"},"content":{"rendered":"\t\t<div data-elementor-type=\"wp-page\" data-elementor-id=\"2361\" class=\"elementor elementor-2361 elementor-24\" data-elementor-post-type=\"page\">\n\t\t\t\t<div class=\"elementor-element elementor-element-6b4bafb e-con-full e-flex e-con e-parent\" data-id=\"6b4bafb\" data-element_type=\"container\" data-settings=\"{&quot;background_background&quot;:&quot;classic&quot;}\">\n\t\t<div class=\"elementor-element elementor-element-6ee2359 elementor-hidden-desktop elementor-hidden-tablet e-flex e-con-boxed e-con e-child\" data-id=\"6ee2359\" data-element_type=\"container\" data-settings=\"{&quot;background_background&quot;:&quot;classic&quot;}\">\n\t\t\t\t\t<div class=\"e-con-inner\">\n\t\t\t\t<div class=\"elementor-element elementor-element-24de245 elementor-widget elementor-widget-heading\" data-id=\"24de245\" data-element_type=\"widget\" data-widget_type=\"heading.default\">\n\t\t\t\t<div class=\"elementor-widget-container\">\n\t\t\t\t\t<h2 class=\"elementor-heading-title elementor-size-default\">Nachhaltigkeit<\/h2>\t\t\t\t<\/div>\n\t\t\t\t<\/div>\n\t\t\t\t\t<\/div>\n\t\t\t\t<\/div>\n\t\t<div class=\"elementor-element elementor-element-b37f65c elementor-hidden-mobile e-flex e-con-boxed elementor-invisible e-con e-child\" data-id=\"b37f65c\" data-element_type=\"container\" data-settings=\"{&quot;animation&quot;:&quot;fadeIn&quot;}\">\n\t\t\t\t\t<div class=\"e-con-inner\">\n\t\t\t\t<div class=\"elementor-element elementor-element-ec6dfb2 elementor-widget__width-inherit sustainability-title elementor-widget elementor-widget-heading\" data-id=\"ec6dfb2\" data-element_type=\"widget\" data-widget_type=\"heading.default\">\n\t\t\t\t<div class=\"elementor-widget-container\">\n\t\t\t\t\t<h2 class=\"elementor-heading-title elementor-size-default\">NACHHALTIGKEIT<\/h2>\t\t\t\t<\/div>\n\t\t\t\t<\/div>\n\t\t\t\t<div class=\"elementor-element elementor-element-cf451bb elementor-widget elementor-widget-image\" data-id=\"cf451bb\" data-element_type=\"widget\" data-widget_type=\"image.default\">\n\t\t\t\t<div class=\"elementor-widget-container\">\n\t\t\t\t\t\t\t\t\t\t\t\t\t\t\t<img fetchpriority=\"high\" decoding=\"async\" width=\"1306\" height=\"385\" src=\"https:\/\/djakovo-hrast.hr\/wp-content\/uploads\/2024\/09\/e226d14d-1631-4cf8-a503-346acb025f21.png\" class=\"attachment-full size-full wp-image-2248\" alt=\"Sustainability - core step for creating premium solution\" srcset=\"https:\/\/djakovo-hrast.hr\/wp-content\/uploads\/2024\/09\/e226d14d-1631-4cf8-a503-346acb025f21.png 1306w, https:\/\/djakovo-hrast.hr\/wp-content\/uploads\/2024\/09\/e226d14d-1631-4cf8-a503-346acb025f21-300x88.png 300w, https:\/\/djakovo-hrast.hr\/wp-content\/uploads\/2024\/09\/e226d14d-1631-4cf8-a503-346acb025f21-1024x302.png 1024w, https:\/\/djakovo-hrast.hr\/wp-content\/uploads\/2024\/09\/e226d14d-1631-4cf8-a503-346acb025f21-768x226.png 768w\" sizes=\"(max-width: 1306px) 100vw, 1306px\" \/>\t\t\t\t\t\t\t\t\t\t\t\t\t\t\t<\/div>\n\t\t\t\t<\/div>\n\t\t\t\t\t<\/div>\n\t\t\t\t<\/div>\n\t\t<div class=\"elementor-element elementor-element-881f920 e-flex e-con-boxed elementor-invisible e-con e-child\" data-id=\"881f920\" data-element_type=\"container\" data-settings=\"{&quot;background_background&quot;:&quot;classic&quot;,&quot;animation&quot;:&quot;fadeIn&quot;}\">\n\t\t\t\t\t<div class=\"e-con-inner\">\n\t\t<div class=\"elementor-element elementor-element-283d148 e-con-full e-flex e-con e-child\" data-id=\"283d148\" data-element_type=\"container\">\n\t\t\t\t<div class=\"elementor-element elementor-element-ae2f461 elementor-widget elementor-widget-heading\" data-id=\"ae2f461\" data-element_type=\"widget\" data-widget_type=\"heading.default\">\n\t\t\t\t<div class=\"elementor-widget-container\">\n\t\t\t\t\t<p class=\"elementor-heading-title elementor-size-default\">Wir sind stolz auf unseren innovativen Ansatz, bei dem alle Holzabf\u00e4lle zur Energieerzeugung in unseren Kraftwerken wiederverwendet werden. Diese selbstversorgte Energie treibt unsere Produktionsprozesse an, wodurch wir weniger von externen Quellen abh\u00e4ngig sind und unseren \u00f6kologischen Fu\u00dfabdruck minimieren. Bemerkenswert ist, dass unsere effiziente Energieerzeugung nicht nur unseren eigenen Bedarf deckt, sondern auch einen \u00dcberschuss erzeugt, den wir auf dem Markt anbieten und so zu einer gr\u00fcneren Energielandschaft beitragen.   <\/p>\t\t\t\t<\/div>\n\t\t\t\t<\/div>\n\t\t\t\t<\/div>\n\t\t<div class=\"elementor-element elementor-element-de4a1cb e-con-full e-flex e-con e-child\" data-id=\"de4a1cb\" data-element_type=\"container\">\n\t\t\t\t<div class=\"elementor-element elementor-element-18fdd6d elementor-widget elementor-widget-image\" data-id=\"18fdd6d\" data-element_type=\"widget\" data-widget_type=\"image.default\">\n\t\t\t\t<div class=\"elementor-widget-container\">\n\t\t\t\t\t\t\t\t\t\t\t\t\t\t\t<img decoding=\"async\" width=\"751\" height=\"493\" src=\"https:\/\/djakovo-hrast.hr\/wp-content\/uploads\/2024\/09\/b879ded0-3ac7-4a73-8c7b-31ab5ac9976c-1.png\" class=\"attachment-full size-full wp-image-2314\" alt=\"\" srcset=\"https:\/\/djakovo-hrast.hr\/wp-content\/uploads\/2024\/09\/b879ded0-3ac7-4a73-8c7b-31ab5ac9976c-1.png 751w, https:\/\/djakovo-hrast.hr\/wp-content\/uploads\/2024\/09\/b879ded0-3ac7-4a73-8c7b-31ab5ac9976c-1-300x197.png 300w\" sizes=\"(max-width: 751px) 100vw, 751px\" \/>\t\t\t\t\t\t\t\t\t\t\t\t\t\t\t<\/div>\n\t\t\t\t<\/div>\n\t\t\t\t<\/div>\n\t\t\t\t\t<\/div>\n\t\t\t\t<\/div>\n\t\t<div class=\"elementor-element elementor-element-b76bff0 e-flex e-con-boxed elementor-invisible e-con e-child\" data-id=\"b76bff0\" data-element_type=\"container\" data-settings=\"{&quot;animation&quot;:&quot;fadeIn&quot;}\">\n\t\t\t\t\t<div class=\"e-con-inner\">\n\t\t<div class=\"elementor-element elementor-element-94bff40 e-con-full e-flex e-con e-child\" data-id=\"94bff40\" data-element_type=\"container\">\n\t\t\t\t<div class=\"elementor-element elementor-element-ae59d23 elementor-widget elementor-widget-heading\" data-id=\"ae59d23\" data-element_type=\"widget\" data-widget_type=\"heading.default\">\n\t\t\t\t<div class=\"elementor-widget-container\">\n\t\t\t\t\t<h2 class=\"elementor-heading-title elementor-size-default\">Stolz auf die FSC-Zertifizierung<\/h2>\t\t\t\t<\/div>\n\t\t\t\t<\/div>\n\t\t\t\t<div class=\"elementor-element elementor-element-8c6e276 elementor-hidden-mobile elementor-widget elementor-widget-heading\" data-id=\"8c6e276\" data-element_type=\"widget\" data-widget_type=\"heading.default\">\n\t\t\t\t<div class=\"elementor-widget-container\">\n\t\t\t\t\t<h2 class=\"elementor-heading-title elementor-size-default\">FOREST STEWARDSHIP COUNCIL<\/h2>\t\t\t\t<\/div>\n\t\t\t\t<\/div>\n\t\t\t\t<\/div>\n\t\t<div class=\"elementor-element elementor-element-34122f5 e-con-full e-flex e-con e-child\" data-id=\"34122f5\" data-element_type=\"container\">\n\t\t\t\t<div class=\"elementor-element elementor-element-304e2f6 elementor-hidden-mobile elementor-widget elementor-widget-image\" data-id=\"304e2f6\" data-element_type=\"widget\" data-widget_type=\"image.default\">\n\t\t\t\t<div class=\"elementor-widget-container\">\n\t\t\t\t\t\t\t\t\t\t\t\t\t\t\t<img decoding=\"async\" width=\"215\" height=\"256\" src=\"https:\/\/djakovo-hrast.hr\/wp-content\/uploads\/2024\/09\/fsc-1.png\" class=\"attachment-full size-full wp-image-2316\" alt=\"\" \/>\t\t\t\t\t\t\t\t\t\t\t\t\t\t\t<\/div>\n\t\t\t\t<\/div>\n\t\t<div class=\"elementor-element elementor-element-8e727e7 e-con-full e-flex e-con e-child\" data-id=\"8e727e7\" data-element_type=\"container\">\n\t\t\t\t<div class=\"elementor-element elementor-element-263ec72 elementor-widget elementor-widget-text-editor\" data-id=\"263ec72\" data-element_type=\"widget\" data-widget_type=\"text-editor.default\">\n\t\t\t\t<div class=\"elementor-widget-container\">\n\t\t\t\t\t\t\t\t\t<p>Ein Beweis f\u00fcr unser Engagement f\u00fcr eine verantwortungsvolle Waldbewirtschaftung. Diese Zertifizierung gew\u00e4hrleistet, dass unsere Holzprodukte aus W\u00e4ldern stammen, die so bewirtschaftet werden, dass die Artenvielfalt erhalten bleibt, lokale Gemeinschaften unterst\u00fctzt werden und die wirtschaftliche Lebensf\u00e4higkeit erhalten bleibt. Wenn Sie sich f\u00fcr unsere FSC-zertifizierten Produkte entscheiden, unterst\u00fctzen Sie eine nachhaltige Forstwirtschaft und tragen zur Erhaltung der lebenswichtigen Ressourcen unseres Planeten bei.  <\/p>\n\t\t\t\t\t\t\t\t<\/div>\n\t\t\t\t<\/div>\n\t\t\t\t<div class=\"elementor-element elementor-element-c1d1f40 elementor-widget elementor-widget-heading\" data-id=\"c1d1f40\" data-element_type=\"widget\" data-widget_type=\"heading.default\">\n\t\t\t\t<div class=\"elementor-widget-container\">\n\t\t\t\t\t<p class=\"elementor-heading-title elementor-size-default\">Indem wir Abf\u00e4lle in wertvolle Energie umwandeln, steigern wir die betriebliche Effizienz und unterst\u00fctzen die \u00f6kologische Nachhaltigkeit. <\/p>\t\t\t\t<\/div>\n\t\t\t\t<\/div>\n\t\t\t\t<\/div>\n\t\t\t\t<div class=\"elementor-element elementor-element-637878f elementor-hidden-mobile elementor-widget elementor-widget-image\" data-id=\"637878f\" data-element_type=\"widget\" data-widget_type=\"image.default\">\n\t\t\t\t<div class=\"elementor-widget-container\">\n\t\t\t\t\t\t\t\t\t\t\t\t\t\t\t<img loading=\"lazy\" decoding=\"async\" width=\"420\" height=\"250\" src=\"https:\/\/djakovo-hrast.hr\/wp-content\/uploads\/2024\/09\/ahmed-Zj8cfvy5ylk-unsplash-1.png\" class=\"attachment-full size-full wp-image-2318\" alt=\"\" srcset=\"https:\/\/djakovo-hrast.hr\/wp-content\/uploads\/2024\/09\/ahmed-Zj8cfvy5ylk-unsplash-1.png 420w, https:\/\/djakovo-hrast.hr\/wp-content\/uploads\/2024\/09\/ahmed-Zj8cfvy5ylk-unsplash-1-300x179.png 300w\" sizes=\"(max-width: 420px) 100vw, 420px\" \/>\t\t\t\t\t\t\t\t\t\t\t\t\t\t\t<\/div>\n\t\t\t\t<\/div>\n\t\t\t\t<\/div>\n\t\t\t\t<div class=\"elementor-element elementor-element-4f769f4 elementor-arrows-position-outside sustain-slider elementor--h-position-center elementor--v-position-middle elementor-pagination-position-inside elementor-widget elementor-widget-slides\" data-id=\"4f769f4\" data-element_type=\"widget\" data-settings=\"{&quot;navigation&quot;:&quot;both&quot;,&quot;autoplay&quot;:&quot;yes&quot;,&quot;pause_on_hover&quot;:&quot;yes&quot;,&quot;autoplay_speed&quot;:5000,&quot;infinite&quot;:&quot;yes&quot;,&quot;transition&quot;:&quot;slide&quot;,&quot;transition_speed&quot;:500}\" data-widget_type=\"slides.default\">\n\t\t\t\t<div class=\"elementor-widget-container\">\n\t\t\t\t\t\t\t\t\t<div class=\"elementor-swiper\">\n\t\t\t\t\t<div class=\"elementor-slides-wrapper elementor-main-swiper swiper\" role=\"region\" aria-roledescription=\"carousel\" aria-label=\"Slider\" dir=\"ltr\" data-animation=\"fadeInUp\">\n\t\t\t\t<div class=\"swiper-wrapper elementor-slides\">\n\t\t\t\t\t\t\t\t\t\t<div class=\"elementor-repeater-item-e78c5c5 swiper-slide\" role=\"group\" aria-roledescription=\"slide\"><div class=\"swiper-slide-bg\" role=\"img\"><\/div><div class=\"swiper-slide-inner\" ><div class=\"swiper-slide-contents\"><\/div><\/div><\/div><div class=\"elementor-repeater-item-6491779 swiper-slide\" role=\"group\" aria-roledescription=\"slide\"><div class=\"swiper-slide-bg\" role=\"img\"><\/div><div class=\"swiper-slide-inner\" ><div class=\"swiper-slide-contents\"><\/div><\/div><\/div><div class=\"elementor-repeater-item-883b801 swiper-slide\" role=\"group\" aria-roledescription=\"slide\"><div class=\"swiper-slide-bg\" role=\"img\"><\/div><div class=\"swiper-slide-inner\" ><div class=\"swiper-slide-contents\"><\/div><\/div><\/div><div class=\"elementor-repeater-item-3f6b510 swiper-slide\" role=\"group\" aria-roledescription=\"slide\"><div class=\"swiper-slide-bg\" role=\"img\"><\/div><div class=\"swiper-slide-inner\" ><div class=\"swiper-slide-contents\"><\/div><\/div><\/div><div class=\"elementor-repeater-item-2fccd3c swiper-slide\" role=\"group\" aria-roledescription=\"slide\"><div class=\"swiper-slide-bg\" role=\"img\"><\/div><div class=\"swiper-slide-inner\" ><div class=\"swiper-slide-contents\"><\/div><\/div><\/div>\t\t\t\t<\/div>\n\t\t\t\t\t\t\t\t\t\t\t\t\t\t\t<div class=\"elementor-swiper-button elementor-swiper-button-prev\" role=\"button\" tabindex=\"0\" aria-label=\"Vorheriger Slide\">\n\t\t\t\t\t\t\t<svg aria-hidden=\"true\" class=\"e-font-icon-svg e-eicon-chevron-left\" viewBox=\"0 0 1000 1000\" xmlns=\"http:\/\/www.w3.org\/2000\/svg\"><path d=\"M646 125C629 125 613 133 604 142L308 442C296 454 292 471 292 487 292 504 296 521 308 533L604 854C617 867 629 875 646 875 663 875 679 871 692 858 704 846 713 829 713 812 713 796 708 779 692 767L438 487 692 225C700 217 708 204 708 187 708 171 704 154 692 142 675 129 663 125 646 125Z\"><\/path><\/svg>\t\t\t\t\t\t<\/div>\n\t\t\t\t\t\t<div class=\"elementor-swiper-button elementor-swiper-button-next\" role=\"button\" tabindex=\"0\" aria-label=\"N\u00e4chster Slide\">\n\t\t\t\t\t\t\t<svg aria-hidden=\"true\" class=\"e-font-icon-svg e-eicon-chevron-right\" viewBox=\"0 0 1000 1000\" xmlns=\"http:\/\/www.w3.org\/2000\/svg\"><path d=\"M696 533C708 521 713 504 713 487 713 471 708 454 696 446L400 146C388 133 375 125 354 125 338 125 325 129 313 142 300 154 292 171 292 187 292 204 296 221 308 233L563 492 304 771C292 783 288 800 288 817 288 833 296 850 308 863 321 871 338 875 354 875 371 875 388 867 400 854L696 533Z\"><\/path><\/svg>\t\t\t\t\t\t<\/div>\n\t\t\t\t\t\t\t\t\t\t\t\t\t\t\t\t<div class=\"swiper-pagination\"><\/div>\n\t\t\t\t\t\t\t\t\t\t\t\t<\/div>\n\t\t\t\t<\/div>\n\t\t\t\t\t\t\t\t<\/div>\n\t\t\t\t<\/div>\n\t\t\t\t\t<\/div>\n\t\t\t\t<\/div>\n\t\t<div class=\"elementor-element elementor-element-b1a4864 e-con-full e-flex elementor-invisible e-con e-child\" data-id=\"b1a4864\" data-element_type=\"container\" data-settings=\"{&quot;background_background&quot;:&quot;classic&quot;,&quot;animation&quot;:&quot;fadeIn&quot;}\">\n\t\t<div class=\"elementor-element elementor-element-639dfdf e-con-full e-flex e-con e-child\" data-id=\"639dfdf\" data-element_type=\"container\">\n\t\t\t\t<div class=\"elementor-element elementor-element-7ff80d5 elementor-hidden-mobile elementor-widget elementor-widget-image\" data-id=\"7ff80d5\" data-element_type=\"widget\" data-widget_type=\"image.default\">\n\t\t\t\t<div class=\"elementor-widget-container\">\n\t\t\t\t\t\t\t\t\t\t\t\t\t\t\t<img loading=\"lazy\" decoding=\"async\" width=\"720\" height=\"383\" src=\"https:\/\/djakovo-hrast.hr\/wp-content\/uploads\/2024\/09\/ANT_7079-1.png\" class=\"attachment-full size-full wp-image-2250\" alt=\"Premium wood\" srcset=\"https:\/\/djakovo-hrast.hr\/wp-content\/uploads\/2024\/09\/ANT_7079-1.png 720w, https:\/\/djakovo-hrast.hr\/wp-content\/uploads\/2024\/09\/ANT_7079-1-300x160.png 300w\" sizes=\"(max-width: 720px) 100vw, 720px\" \/>\t\t\t\t\t\t\t\t\t\t\t\t\t\t\t<\/div>\n\t\t\t\t<\/div>\n\t\t\t\t<\/div>\n\t\t<div class=\"elementor-element elementor-element-0ed5902 e-con-full e-flex e-con e-child\" data-id=\"0ed5902\" data-element_type=\"container\">\n\t\t<div class=\"elementor-element elementor-element-577f1c4 contact-us-section-content e-flex e-con-boxed e-con e-child\" data-id=\"577f1c4\" data-element_type=\"container\">\n\t\t\t\t\t<div class=\"e-con-inner\">\n\t\t\t\t<div class=\"elementor-element elementor-element-65817e7 elementor-widget elementor-widget-heading\" data-id=\"65817e7\" data-element_type=\"widget\" data-widget_type=\"heading.default\">\n\t\t\t\t<div class=\"elementor-widget-container\">\n\t\t\t\t\t<h2 class=\"elementor-heading-title elementor-size-default\">Kontakt<\/h2>\t\t\t\t<\/div>\n\t\t\t\t<\/div>\n\t\t\t\t<div class=\"elementor-element elementor-element-92d5674 elementor-widget__width-initial elementor-widget elementor-widget-text-editor\" data-id=\"92d5674\" data-element_type=\"widget\" data-widget_type=\"text-editor.default\">\n\t\t\t\t<div class=\"elementor-widget-container\">\n\t\t\t\t\t\t\t\t\t<p>Nehmen Sie noch heute Kontakt mit uns auf, um herauszufinden, wie wir zusammenarbeiten und gemeinsam Gro\u00dfes erreichen k\u00f6nnen.<\/p>\n\t\t\t\t\t\t\t\t<\/div>\n\t\t\t\t<\/div>\n\t\t\t\t<div class=\"elementor-element elementor-element-6951613 elementor-widget elementor-widget-button\" data-id=\"6951613\" data-element_type=\"widget\" data-widget_type=\"button.default\">\n\t\t\t\t<div class=\"elementor-widget-container\">\n\t\t\t\t\t\t\t\t\t<div class=\"elementor-button-wrapper\">\n\t\t\t\t\t<a class=\"elementor-button elementor-button-link elementor-size-sm\" href=\"https:\/\/djakovo-hrast.hr\/de\/kontakt\/\">\n\t\t\t\t\t\t<span class=\"elementor-button-content-wrapper\">\n\t\t\t\t\t\t\t\t\t<span class=\"elementor-button-text\">JETZT KONTAKT AUFNEHMEN<\/span>\n\t\t\t\t\t<\/span>\n\t\t\t\t\t<\/a>\n\t\t\t\t<\/div>\n\t\t\t\t\t\t\t\t<\/div>\n\t\t\t\t<\/div>\n\t\t\t\t\t<\/div>\n\t\t\t\t<\/div>\n\t\t\t\t<\/div>\n\t\t\t\t<\/div>\n\t\t\t\t<\/div>\n\t\t\t\t<\/div>\n\t\t","protected":false},"excerpt":{"rendered":"<p>Nachhaltigkeit NACHHALTIGKEIT Wir sind stolz auf unseren innovativen Ansatz, bei dem alle Holzabf\u00e4lle zur Energieerzeugung in unseren Kraftwerken wiederverwendet werden. Diese selbstversorgte Energie treibt unsere Produktionsprozesse an, wodurch wir weniger von externen Quellen abh\u00e4ngig sind und unseren \u00f6kologischen Fu\u00dfabdruck minimieren. Bemerkenswert ist, dass unsere effiziente Energieerzeugung nicht nur unseren eigenen Bedarf deckt, sondern auch einen [&hellip;]<\/p>\n","protected":false},"author":1,"featured_media":0,"parent":0,"menu_order":0,"comment_status":"closed","ping_status":"closed","template":"","meta":{"_acf_changed":false,"inline_featured_image":false,"footnotes":""},"class_list":["post-2361","page","type-page","status-publish","hentry"],"acf":[],"yoast_head":"<!-- This site is optimized with the Yoast SEO plugin v27.1.1 - https:\/\/yoast.com\/product\/yoast-seo-wordpress\/ -->\n<title>Nachhaltigkeit und gr\u00fcne Innovation<\/title>\n<meta name=\"description\" content=\"\u0110akovo Hrast setzt sich f\u00fcr Nachhaltigkeit durch eine Kreislaufwirtschaft ein, bei der Holzreste vollst\u00e4ndig genutzt und gr\u00fcne Energie erzeugt werden.\" \/>\n<meta name=\"robots\" content=\"index, follow, max-snippet:-1, max-image-preview:large, max-video-preview:-1\" \/>\n<link rel=\"canonical\" href=\"https:\/\/djakovo-hrast.hr\/de\/nachhaltigkeit\/\" \/>\n<meta property=\"og:locale\" content=\"de_DE\" \/>\n<meta property=\"og:type\" content=\"article\" \/>\n<meta property=\"og:title\" content=\"Nachhaltigkeit und gr\u00fcne Innovation\" \/>\n<meta property=\"og:description\" content=\"\u0110akovo Hrast setzt sich f\u00fcr Nachhaltigkeit durch eine Kreislaufwirtschaft ein, bei der Holzreste vollst\u00e4ndig genutzt und gr\u00fcne Energie erzeugt werden.\" \/>\n<meta property=\"og:url\" content=\"https:\/\/djakovo-hrast.hr\/de\/nachhaltigkeit\/\" \/>\n<meta property=\"og:site_name\" content=\"Djakovo Hrast\" \/>\n<meta property=\"article:modified_time\" content=\"2024-11-20T21:45:31+00:00\" \/>\n<meta property=\"og:image\" content=\"https:\/\/djakovo-hrast.hr\/wp-content\/uploads\/2024\/09\/e226d14d-1631-4cf8-a503-346acb025f21.png\" \/>\n<meta name=\"twitter:card\" content=\"summary_large_image\" \/>\n<meta name=\"twitter:label1\" content=\"Gesch\u00e4tzte Lesezeit\" \/>\n\t<meta name=\"twitter:data1\" content=\"2\u00a0Minuten\" \/>\n<script type=\"application\/ld+json\" class=\"yoast-schema-graph\">{\"@context\":\"https:\/\/schema.org\",\"@graph\":[{\"@type\":\"WebPage\",\"@id\":\"https:\/\/djakovo-hrast.hr\/de\/nachhaltigkeit\/\",\"url\":\"https:\/\/djakovo-hrast.hr\/de\/nachhaltigkeit\/\",\"name\":\"Nachhaltigkeit und gr\u00fcne Innovation\",\"isPartOf\":{\"@id\":\"https:\/\/djakovo-hrast.hr\/de\/#website\"},\"primaryImageOfPage\":{\"@id\":\"https:\/\/djakovo-hrast.hr\/de\/nachhaltigkeit\/#primaryimage\"},\"image\":{\"@id\":\"https:\/\/djakovo-hrast.hr\/de\/nachhaltigkeit\/#primaryimage\"},\"thumbnailUrl\":\"https:\/\/djakovo-hrast.hr\/wp-content\/uploads\/2024\/09\/e226d14d-1631-4cf8-a503-346acb025f21.png\",\"datePublished\":\"2024-09-09T08:33:19+00:00\",\"dateModified\":\"2024-11-20T21:45:31+00:00\",\"description\":\"\u0110akovo Hrast setzt sich f\u00fcr Nachhaltigkeit durch eine Kreislaufwirtschaft ein, bei der Holzreste vollst\u00e4ndig genutzt und gr\u00fcne Energie erzeugt werden.\",\"breadcrumb\":{\"@id\":\"https:\/\/djakovo-hrast.hr\/de\/nachhaltigkeit\/#breadcrumb\"},\"inLanguage\":\"de\",\"potentialAction\":[{\"@type\":\"ReadAction\",\"target\":[\"https:\/\/djakovo-hrast.hr\/de\/nachhaltigkeit\/\"]}]},{\"@type\":\"ImageObject\",\"inLanguage\":\"de\",\"@id\":\"https:\/\/djakovo-hrast.hr\/de\/nachhaltigkeit\/#primaryimage\",\"url\":\"https:\/\/djakovo-hrast.hr\/wp-content\/uploads\/2024\/09\/e226d14d-1631-4cf8-a503-346acb025f21.png\",\"contentUrl\":\"https:\/\/djakovo-hrast.hr\/wp-content\/uploads\/2024\/09\/e226d14d-1631-4cf8-a503-346acb025f21.png\"},{\"@type\":\"BreadcrumbList\",\"@id\":\"https:\/\/djakovo-hrast.hr\/de\/nachhaltigkeit\/#breadcrumb\",\"itemListElement\":[{\"@type\":\"ListItem\",\"position\":1,\"name\":\"Home\",\"item\":\"https:\/\/djakovo-hrast.hr\/de\/\"},{\"@type\":\"ListItem\",\"position\":2,\"name\":\"Nachhaltigkeit\"}]},{\"@type\":\"WebSite\",\"@id\":\"https:\/\/djakovo-hrast.hr\/de\/#website\",\"url\":\"https:\/\/djakovo-hrast.hr\/de\/\",\"name\":\"Djakovo Hrast\",\"description\":\"\",\"publisher\":{\"@id\":\"https:\/\/djakovo-hrast.hr\/de\/#organization\"},\"potentialAction\":[{\"@type\":\"SearchAction\",\"target\":{\"@type\":\"EntryPoint\",\"urlTemplate\":\"https:\/\/djakovo-hrast.hr\/de\/?s={search_term_string}\"},\"query-input\":{\"@type\":\"PropertyValueSpecification\",\"valueRequired\":true,\"valueName\":\"search_term_string\"}}],\"inLanguage\":\"de\"},{\"@type\":\"Organization\",\"@id\":\"https:\/\/djakovo-hrast.hr\/de\/#organization\",\"name\":\"Djakovo Hrast\",\"url\":\"https:\/\/djakovo-hrast.hr\/de\/\",\"logo\":{\"@type\":\"ImageObject\",\"inLanguage\":\"de\",\"@id\":\"https:\/\/djakovo-hrast.hr\/de\/#\/schema\/logo\/image\/\",\"url\":\"https:\/\/djakovo-hrast.hr\/wp-content\/uploads\/2024\/09\/hrast.svg\",\"contentUrl\":\"https:\/\/djakovo-hrast.hr\/wp-content\/uploads\/2024\/09\/hrast.svg\",\"width\":64,\"height\":59,\"caption\":\"Djakovo Hrast\"},\"image\":{\"@id\":\"https:\/\/djakovo-hrast.hr\/de\/#\/schema\/logo\/image\/\"}}]}<\/script>\n<!-- \/ Yoast SEO plugin. -->","yoast_head_json":{"title":"Nachhaltigkeit und gr\u00fcne Innovation","description":"\u0110akovo Hrast setzt sich f\u00fcr Nachhaltigkeit durch eine Kreislaufwirtschaft ein, bei der Holzreste vollst\u00e4ndig genutzt und gr\u00fcne Energie erzeugt werden.","robots":{"index":"index","follow":"follow","max-snippet":"max-snippet:-1","max-image-preview":"max-image-preview:large","max-video-preview":"max-video-preview:-1"},"canonical":"https:\/\/djakovo-hrast.hr\/de\/nachhaltigkeit\/","og_locale":"de_DE","og_type":"article","og_title":"Nachhaltigkeit und gr\u00fcne Innovation","og_description":"\u0110akovo Hrast setzt sich f\u00fcr Nachhaltigkeit durch eine Kreislaufwirtschaft ein, bei der Holzreste vollst\u00e4ndig genutzt und gr\u00fcne Energie erzeugt werden.","og_url":"https:\/\/djakovo-hrast.hr\/de\/nachhaltigkeit\/","og_site_name":"Djakovo Hrast","article_modified_time":"2024-11-20T21:45:31+00:00","og_image":[{"url":"https:\/\/djakovo-hrast.hr\/wp-content\/uploads\/2024\/09\/e226d14d-1631-4cf8-a503-346acb025f21.png","type":"","width":"","height":""}],"twitter_card":"summary_large_image","twitter_misc":{"Gesch\u00e4tzte Lesezeit":"2\u00a0Minuten"},"schema":{"@context":"https:\/\/schema.org","@graph":[{"@type":"WebPage","@id":"https:\/\/djakovo-hrast.hr\/de\/nachhaltigkeit\/","url":"https:\/\/djakovo-hrast.hr\/de\/nachhaltigkeit\/","name":"Nachhaltigkeit und gr\u00fcne Innovation","isPartOf":{"@id":"https:\/\/djakovo-hrast.hr\/de\/#website"},"primaryImageOfPage":{"@id":"https:\/\/djakovo-hrast.hr\/de\/nachhaltigkeit\/#primaryimage"},"image":{"@id":"https:\/\/djakovo-hrast.hr\/de\/nachhaltigkeit\/#primaryimage"},"thumbnailUrl":"https:\/\/djakovo-hrast.hr\/wp-content\/uploads\/2024\/09\/e226d14d-1631-4cf8-a503-346acb025f21.png","datePublished":"2024-09-09T08:33:19+00:00","dateModified":"2024-11-20T21:45:31+00:00","description":"\u0110akovo Hrast setzt sich f\u00fcr Nachhaltigkeit durch eine Kreislaufwirtschaft ein, bei der Holzreste vollst\u00e4ndig genutzt und gr\u00fcne Energie erzeugt werden.","breadcrumb":{"@id":"https:\/\/djakovo-hrast.hr\/de\/nachhaltigkeit\/#breadcrumb"},"inLanguage":"de","potentialAction":[{"@type":"ReadAction","target":["https:\/\/djakovo-hrast.hr\/de\/nachhaltigkeit\/"]}]},{"@type":"ImageObject","inLanguage":"de","@id":"https:\/\/djakovo-hrast.hr\/de\/nachhaltigkeit\/#primaryimage","url":"https:\/\/djakovo-hrast.hr\/wp-content\/uploads\/2024\/09\/e226d14d-1631-4cf8-a503-346acb025f21.png","contentUrl":"https:\/\/djakovo-hrast.hr\/wp-content\/uploads\/2024\/09\/e226d14d-1631-4cf8-a503-346acb025f21.png"},{"@type":"BreadcrumbList","@id":"https:\/\/djakovo-hrast.hr\/de\/nachhaltigkeit\/#breadcrumb","itemListElement":[{"@type":"ListItem","position":1,"name":"Home","item":"https:\/\/djakovo-hrast.hr\/de\/"},{"@type":"ListItem","position":2,"name":"Nachhaltigkeit"}]},{"@type":"WebSite","@id":"https:\/\/djakovo-hrast.hr\/de\/#website","url":"https:\/\/djakovo-hrast.hr\/de\/","name":"Djakovo Hrast","description":"","publisher":{"@id":"https:\/\/djakovo-hrast.hr\/de\/#organization"},"potentialAction":[{"@type":"SearchAction","target":{"@type":"EntryPoint","urlTemplate":"https:\/\/djakovo-hrast.hr\/de\/?s={search_term_string}"},"query-input":{"@type":"PropertyValueSpecification","valueRequired":true,"valueName":"search_term_string"}}],"inLanguage":"de"},{"@type":"Organization","@id":"https:\/\/djakovo-hrast.hr\/de\/#organization","name":"Djakovo Hrast","url":"https:\/\/djakovo-hrast.hr\/de\/","logo":{"@type":"ImageObject","inLanguage":"de","@id":"https:\/\/djakovo-hrast.hr\/de\/#\/schema\/logo\/image\/","url":"https:\/\/djakovo-hrast.hr\/wp-content\/uploads\/2024\/09\/hrast.svg","contentUrl":"https:\/\/djakovo-hrast.hr\/wp-content\/uploads\/2024\/09\/hrast.svg","width":64,"height":59,"caption":"Djakovo Hrast"},"image":{"@id":"https:\/\/djakovo-hrast.hr\/de\/#\/schema\/logo\/image\/"}}]}},"_links":{"self":[{"href":"https:\/\/djakovo-hrast.hr\/de\/wp-json\/wp\/v2\/pages\/2361","targetHints":{"allow":["GET"]}}],"collection":[{"href":"https:\/\/djakovo-hrast.hr\/de\/wp-json\/wp\/v2\/pages"}],"about":[{"href":"https:\/\/djakovo-hrast.hr\/de\/wp-json\/wp\/v2\/types\/page"}],"author":[{"embeddable":true,"href":"https:\/\/djakovo-hrast.hr\/de\/wp-json\/wp\/v2\/users\/1"}],"replies":[{"embeddable":true,"href":"https:\/\/djakovo-hrast.hr\/de\/wp-json\/wp\/v2\/comments?post=2361"}],"version-history":[{"count":14,"href":"https:\/\/djakovo-hrast.hr\/de\/wp-json\/wp\/v2\/pages\/2361\/revisions"}],"predecessor-version":[{"id":3002,"href":"https:\/\/djakovo-hrast.hr\/de\/wp-json\/wp\/v2\/pages\/2361\/revisions\/3002"}],"wp:attachment":[{"href":"https:\/\/djakovo-hrast.hr\/de\/wp-json\/wp\/v2\/media?parent=2361"}],"curies":[{"name":"wp","href":"https:\/\/api.w.org\/{rel}","templated":true}]}}