{"id":2366,"date":"2024-09-09T08:32:44","date_gmt":"2024-09-09T08:32:44","guid":{"rendered":"https:\/\/djakovo-hrast.hr\/produktion\/"},"modified":"2024-11-20T21:46:56","modified_gmt":"2024-11-20T21:46:56","slug":"produktion","status":"publish","type":"page","link":"https:\/\/djakovo-hrast.hr\/de\/produktion\/","title":{"rendered":"Produktion"},"content":{"rendered":"\t\t<div data-elementor-type=\"wp-page\" data-elementor-id=\"2366\" class=\"elementor elementor-2366 elementor-21\" data-elementor-post-type=\"page\">\n\t\t\t\t<div class=\"elementor-element elementor-element-7615e9c e-con-full e-flex e-con e-parent\" data-id=\"7615e9c\" data-element_type=\"container\" data-settings=\"{&quot;background_background&quot;:&quot;classic&quot;}\">\n\t\t<div class=\"elementor-element elementor-element-c4f2880 e-flex e-con-boxed elementor-invisible e-con e-child\" data-id=\"c4f2880\" data-element_type=\"container\" data-settings=\"{&quot;animation&quot;:&quot;fadeIn&quot;}\">\n\t\t\t\t\t<div class=\"e-con-inner\">\n\t\t\t\t<div class=\"elementor-element elementor-element-008ad67 elementor-widget__width-inherit production-title elementor-widget elementor-widget-heading\" data-id=\"008ad67\" data-element_type=\"widget\" data-widget_type=\"heading.default\">\n\t\t\t\t<div class=\"elementor-widget-container\">\n\t\t\t\t\t<h2 class=\"elementor-heading-title elementor-size-default\">PRODUKTION<\/h2>\t\t\t\t<\/div>\n\t\t\t\t<\/div>\n\t\t\t\t<div class=\"elementor-element elementor-element-a7b9f7d elementor-widget__width-inherit production-subtitle elementor-widget elementor-widget-heading\" data-id=\"a7b9f7d\" data-element_type=\"widget\" data-widget_type=\"heading.default\">\n\t\t\t\t<div class=\"elementor-widget-container\">\n\t\t\t\t\t<h2 class=\"elementor-heading-title elementor-size-default\">Zweischichtiger Parkettboden<\/h2>\t\t\t\t<\/div>\n\t\t\t\t<\/div>\n\t\t\t\t\t<\/div>\n\t\t\t\t<\/div>\n\t\t<div class=\"elementor-element elementor-element-106c428 e-grid e-con-boxed elementor-invisible e-con e-child\" data-id=\"106c428\" data-element_type=\"container\" data-settings=\"{&quot;animation&quot;:&quot;fadeIn&quot;}\">\n\t\t\t\t\t<div class=\"e-con-inner\">\n\t\t<div class=\"elementor-element elementor-element-a70f50c e-con-full e-flex e-con e-child\" data-id=\"a70f50c\" data-element_type=\"container\">\n\t\t\t\t<div class=\"elementor-element elementor-element-f226108 elementor-list-item-link-full_width elementor-widget elementor-widget-icon-list\" data-id=\"f226108\" data-element_type=\"widget\" data-widget_type=\"icon-list.default\">\n\t\t\t\t<div class=\"elementor-widget-container\">\n\t\t\t\t\t\t\t<ul class=\"elementor-icon-list-items\">\n\t\t\t\t\t\t\t<li class=\"elementor-icon-list-item\">\n\t\t\t\t\t\t\t\t\t\t\t<span class=\"elementor-icon-list-icon\">\n\t\t\t\t\t\t\t<svg xmlns=\"http:\/\/www.w3.org\/2000\/svg\" width=\"17\" height=\"20\" viewBox=\"0 0 17 20\" fill=\"none\"><path d=\"M17 10L0.500001 19.5263L0.500002 0.47372L17 10Z\" fill=\"#346553\"><\/path><\/svg>\t\t\t\t\t\t<\/span>\n\t\t\t\t\t\t\t\t\t\t<span class=\"elementor-icon-list-text\">Der Prozess beginnt damit, dass die St\u00e4mme mit Bands\u00e4gen in Bretter geschnitten werden, die dann in der Produktionsst\u00e4tte zu Elementen weiterverarbeitet werden.<\/span>\n\t\t\t\t\t\t\t\t\t<\/li>\n\t\t\t\t\t\t\t\t<li class=\"elementor-icon-list-item\">\n\t\t\t\t\t\t\t\t\t\t\t<span class=\"elementor-icon-list-icon\">\n\t\t\t\t\t\t\t<svg xmlns=\"http:\/\/www.w3.org\/2000\/svg\" width=\"17\" height=\"20\" viewBox=\"0 0 17 20\" fill=\"none\"><path d=\"M17 10L0.500001 19.5263L0.500002 0.47372L17 10Z\" fill=\"#346553\"><\/path><\/svg>\t\t\t\t\t\t<\/span>\n\t\t\t\t\t\t\t\t\t\t<span class=\"elementor-icon-list-text\">Diese vorbereiteten und gestapelten Elemente werden in \u00d6fen getrocknet.<\/span>\n\t\t\t\t\t\t\t\t\t<\/li>\n\t\t\t\t\t\t\t\t<li class=\"elementor-icon-list-item\">\n\t\t\t\t\t\t\t\t\t\t\t<span class=\"elementor-icon-list-icon\">\n\t\t\t\t\t\t\t<svg xmlns=\"http:\/\/www.w3.org\/2000\/svg\" width=\"17\" height=\"20\" viewBox=\"0 0 17 20\" fill=\"none\"><path d=\"M17 10L0.500001 19.5263L0.500002 0.47372L17 10Z\" fill=\"#346553\"><\/path><\/svg>\t\t\t\t\t\t<\/span>\n\t\t\t\t\t\t\t\t\t\t<span class=\"elementor-icon-list-text\">Nach dem Trocknen werden die Elemente f\u00fcr die Tragschicht mit Kapp- und L\u00e4ngskreiss\u00e4gen bearbeitet, um die Tragschicht f\u00fcr zweischichtige Parkettb\u00f6den in Form von Lamellen herzustellen.<\/span>\n\t\t\t\t\t\t\t\t\t<\/li>\n\t\t\t\t\t\t\t\t<li class=\"elementor-icon-list-item\">\n\t\t\t\t\t\t\t\t\t\t\t<span class=\"elementor-icon-list-icon\">\n\t\t\t\t\t\t\t<svg xmlns=\"http:\/\/www.w3.org\/2000\/svg\" width=\"17\" height=\"20\" viewBox=\"0 0 17 20\" fill=\"none\"><path d=\"M17 10L0.500001 19.5263L0.500002 0.47372L17 10Z\" fill=\"#346553\"><\/path><\/svg>\t\t\t\t\t\t<\/span>\n\t\t\t\t\t\t\t\t\t\t<span class=\"elementor-icon-list-text\">Die f\u00fcr die Deckschicht vorgesehenen Trockenelemente werden vorgehobelt und mit Kreiss\u00e4gen oder Gatters\u00e4gen zugeschnitten.<\/span>\n\t\t\t\t\t\t\t\t\t<\/li>\n\t\t\t\t\t\t\t\t<li class=\"elementor-icon-list-item\">\n\t\t\t\t\t\t\t\t\t\t\t<span class=\"elementor-icon-list-icon\">\n\t\t\t\t\t\t\t<svg xmlns=\"http:\/\/www.w3.org\/2000\/svg\" width=\"17\" height=\"20\" viewBox=\"0 0 17 20\" fill=\"none\"><path d=\"M17 10L0.500001 19.5263L0.500002 0.47372L17 10Z\" fill=\"#346553\"><\/path><\/svg>\t\t\t\t\t\t<\/span>\n\t\t\t\t\t\t\t\t\t\t<span class=\"elementor-icon-list-text\">Die Lamellen f\u00fcr die Basisschicht werden dann zur Klebelinie transportiert, wo Klebstoff auf die Basisschicht aufgetragen wird, die Deckschicht hinzugef\u00fcgt wird und die beiden Schichten miteinander verklebt werden, um eine laminierte Struktur zu bilden.<\/span>\n\t\t\t\t\t\t\t\t\t<\/li>\n\t\t\t\t\t\t\t\t<li class=\"elementor-icon-list-item\">\n\t\t\t\t\t\t\t\t\t\t\t<span class=\"elementor-icon-list-icon\">\n\t\t\t\t\t\t\t<svg xmlns=\"http:\/\/www.w3.org\/2000\/svg\" width=\"17\" height=\"20\" viewBox=\"0 0 17 20\" fill=\"none\"><path d=\"M17 10L0.500001 19.5263L0.500002 0.47372L17 10Z\" fill=\"#346553\"><\/path><\/svg>\t\t\t\t\t\t<\/span>\n\t\t\t\t\t\t\t\t\t\t<span class=\"elementor-icon-list-text\">Diese Laminatstruktur wird weiter geschliffen, geb\u00fcrstet und mit Nut und Feder versehen. Einige der Zweischicht-Parkettb\u00f6den sind mit umweltfreundlichen \u00d6len oberfl\u00e4chenbehandelt. <\/span>\n\t\t\t\t\t\t\t\t\t<\/li>\n\t\t\t\t\t\t\t\t<li class=\"elementor-icon-list-item\">\n\t\t\t\t\t\t\t\t\t\t\t<span class=\"elementor-icon-list-icon\">\n\t\t\t\t\t\t\t<svg xmlns=\"http:\/\/www.w3.org\/2000\/svg\" width=\"17\" height=\"20\" viewBox=\"0 0 17 20\" fill=\"none\"><path d=\"M17 10L0.500001 19.5263L0.500002 0.47372L17 10Z\" fill=\"#346553\"><\/path><\/svg>\t\t\t\t\t\t<\/span>\n\t\t\t\t\t\t\t\t\t\t<span class=\"elementor-icon-list-text\">Die obere Schicht ist eine 3,5 mm dicke Lamelle aus Eiche oder Esche, w\u00e4hrend die untere Schicht aus angeordneten Lamellen von 8x22x160 mm mit Abstand besteht, die aus verschiedenen Holzarten, meist Eiche, Esche und Fichte, hergestellt werden. Die Oberfl\u00e4chenbehandlung erfolgt mit UV-\u00d6l oder ohne Oberfl\u00e4chenbehandlung. Varianten mit oder ohne abgeschr\u00e4gte Kante sind in den Abmessungen 10x70x470 mm und 11,5x150x1000 mm erh\u00e4ltlich.  <\/span>\n\t\t\t\t\t\t\t\t\t<\/li>\n\t\t\t\t\t\t\t\t<li class=\"elementor-icon-list-item\">\n\t\t\t\t\t\t\t\t\t\t\t<span class=\"elementor-icon-list-icon\">\n\t\t\t\t\t\t\t<svg xmlns=\"http:\/\/www.w3.org\/2000\/svg\" width=\"17\" height=\"20\" viewBox=\"0 0 17 20\" fill=\"none\"><path d=\"M17 10L0.500001 19.5263L0.500002 0.47372L17 10Z\" fill=\"#346553\"><\/path><\/svg>\t\t\t\t\t\t<\/span>\n\t\t\t\t\t\t\t\t\t\t<span class=\"elementor-icon-list-text\">Ob oberfl\u00e4chenbehandelt oder nicht, der zweischichtige Bodenbelag wird dann in Kartons verpackt und zum Versand auf Paletten gestapelt.<\/span>\n\t\t\t\t\t\t\t\t\t<\/li>\n\t\t\t\t\t\t<\/ul>\n\t\t\t\t\t\t<\/div>\n\t\t\t\t<\/div>\n\t\t\t\t<\/div>\n\t\t<div class=\"elementor-element elementor-element-a295d10 e-con-full e-flex e-con e-child\" data-id=\"a295d10\" data-element_type=\"container\">\n\t\t\t\t<div class=\"elementor-element elementor-element-e4b8a0b elementor-widget elementor-widget-image\" data-id=\"e4b8a0b\" data-element_type=\"widget\" data-widget_type=\"image.default\">\n\t\t\t\t<div class=\"elementor-widget-container\">\n\t\t\t\t\t\t\t\t\t\t\t\t\t\t\t<img fetchpriority=\"high\" decoding=\"async\" width=\"2560\" height=\"1709\" src=\"https:\/\/djakovo-hrast.hr\/wp-content\/uploads\/2024\/09\/ANT_7181-scaled.jpg\" class=\"attachment-full size-full wp-image-2330\" alt=\"\" srcset=\"https:\/\/djakovo-hrast.hr\/wp-content\/uploads\/2024\/09\/ANT_7181-scaled.jpg 2560w, https:\/\/djakovo-hrast.hr\/wp-content\/uploads\/2024\/09\/ANT_7181-300x200.jpg 300w, https:\/\/djakovo-hrast.hr\/wp-content\/uploads\/2024\/09\/ANT_7181-1024x684.jpg 1024w, https:\/\/djakovo-hrast.hr\/wp-content\/uploads\/2024\/09\/ANT_7181-768x513.jpg 768w, https:\/\/djakovo-hrast.hr\/wp-content\/uploads\/2024\/09\/ANT_7181-1536x1025.jpg 1536w\" sizes=\"(max-width: 2560px) 100vw, 2560px\" \/>\t\t\t\t\t\t\t\t\t\t\t\t\t\t\t<\/div>\n\t\t\t\t<\/div>\n\t\t\t\t<div class=\"elementor-element elementor-element-8cc4268 elementor-widget elementor-widget-image\" data-id=\"8cc4268\" data-element_type=\"widget\" data-widget_type=\"image.default\">\n\t\t\t\t<div class=\"elementor-widget-container\">\n\t\t\t\t\t\t\t\t\t\t\t\t\t\t\t<img decoding=\"async\" width=\"509\" height=\"334\" src=\"https:\/\/djakovo-hrast.hr\/wp-content\/uploads\/2024\/09\/ANT_7025.png\" class=\"attachment-full size-full wp-image-2306\" alt=\"\" srcset=\"https:\/\/djakovo-hrast.hr\/wp-content\/uploads\/2024\/09\/ANT_7025.png 509w, https:\/\/djakovo-hrast.hr\/wp-content\/uploads\/2024\/09\/ANT_7025-300x197.png 300w\" sizes=\"(max-width: 509px) 100vw, 509px\" \/>\t\t\t\t\t\t\t\t\t\t\t\t\t\t\t<\/div>\n\t\t\t\t<\/div>\n\t\t\t\t<div class=\"elementor-element elementor-element-aa5f76a elementor-widget elementor-widget-image\" data-id=\"aa5f76a\" data-element_type=\"widget\" data-widget_type=\"image.default\">\n\t\t\t\t<div class=\"elementor-widget-container\">\n\t\t\t\t\t\t\t\t\t\t\t\t\t\t\t<img decoding=\"async\" width=\"510\" height=\"333\" src=\"https:\/\/djakovo-hrast.hr\/wp-content\/uploads\/2024\/09\/ANT_6941.png\" class=\"attachment-full size-full wp-image-2308\" alt=\"\" srcset=\"https:\/\/djakovo-hrast.hr\/wp-content\/uploads\/2024\/09\/ANT_6941.png 510w, https:\/\/djakovo-hrast.hr\/wp-content\/uploads\/2024\/09\/ANT_6941-300x196.png 300w\" sizes=\"(max-width: 510px) 100vw, 510px\" \/>\t\t\t\t\t\t\t\t\t\t\t\t\t\t\t<\/div>\n\t\t\t\t<\/div>\n\t\t\t\t<\/div>\n\t\t\t\t\t<\/div>\n\t\t\t\t<\/div>\n\t\t<div class=\"elementor-element elementor-element-45e9ae1 e-con-full e-flex elementor-invisible e-con e-child\" data-id=\"45e9ae1\" data-element_type=\"container\" data-settings=\"{&quot;background_background&quot;:&quot;classic&quot;,&quot;animation&quot;:&quot;fadeIn&quot;}\">\n\t\t<div class=\"elementor-element elementor-element-2b375e0 e-con-full elementor-hidden-mobile e-flex e-con e-child\" data-id=\"2b375e0\" data-element_type=\"container\">\n\t\t\t\t<div class=\"elementor-element elementor-element-27db969 elementor-widget elementor-widget-image\" data-id=\"27db969\" data-element_type=\"widget\" data-widget_type=\"image.default\">\n\t\t\t\t<div class=\"elementor-widget-container\">\n\t\t\t\t\t\t\t\t\t\t\t\t\t\t\t<img loading=\"lazy\" decoding=\"async\" width=\"720\" height=\"383\" src=\"https:\/\/djakovo-hrast.hr\/wp-content\/uploads\/2024\/09\/ANT_7079-1.png\" class=\"attachment-full size-full wp-image-2250\" alt=\"Premium wood\" srcset=\"https:\/\/djakovo-hrast.hr\/wp-content\/uploads\/2024\/09\/ANT_7079-1.png 720w, https:\/\/djakovo-hrast.hr\/wp-content\/uploads\/2024\/09\/ANT_7079-1-300x160.png 300w\" sizes=\"(max-width: 720px) 100vw, 720px\" \/>\t\t\t\t\t\t\t\t\t\t\t\t\t\t\t<\/div>\n\t\t\t\t<\/div>\n\t\t\t\t<\/div>\n\t\t<div class=\"elementor-element elementor-element-e925b7c e-con-full e-flex e-con e-child\" data-id=\"e925b7c\" data-element_type=\"container\">\n\t\t<div class=\"elementor-element elementor-element-439c9f1 contact-us-section-content e-flex e-con-boxed e-con e-child\" data-id=\"439c9f1\" data-element_type=\"container\">\n\t\t\t\t\t<div class=\"e-con-inner\">\n\t\t\t\t<div class=\"elementor-element elementor-element-225fe91 elementor-widget elementor-widget-heading\" data-id=\"225fe91\" data-element_type=\"widget\" data-widget_type=\"heading.default\">\n\t\t\t\t<div class=\"elementor-widget-container\">\n\t\t\t\t\t<h2 class=\"elementor-heading-title elementor-size-default\">Kontakt<\/h2>\t\t\t\t<\/div>\n\t\t\t\t<\/div>\n\t\t\t\t<div class=\"elementor-element elementor-element-03398ec elementor-widget__width-initial elementor-widget elementor-widget-text-editor\" data-id=\"03398ec\" data-element_type=\"widget\" data-widget_type=\"text-editor.default\">\n\t\t\t\t<div class=\"elementor-widget-container\">\n\t\t\t\t\t\t\t\t\t<p>Nehmen Sie noch heute Kontakt mit uns auf, um herauszufinden, wie wir zusammenarbeiten und gemeinsam Gro\u00dfes erreichen k\u00f6nnen.<\/p>\n\t\t\t\t\t\t\t\t<\/div>\n\t\t\t\t<\/div>\n\t\t\t\t<div class=\"elementor-element elementor-element-d2f783e elementor-widget elementor-widget-button\" data-id=\"d2f783e\" data-element_type=\"widget\" data-widget_type=\"button.default\">\n\t\t\t\t<div class=\"elementor-widget-container\">\n\t\t\t\t\t\t\t\t\t<div class=\"elementor-button-wrapper\">\n\t\t\t\t\t<a class=\"elementor-button elementor-button-link elementor-size-sm\" href=\"https:\/\/djakovo-hrast.hr\/de\/kontakt\/\">\n\t\t\t\t\t\t<span class=\"elementor-button-content-wrapper\">\n\t\t\t\t\t\t\t\t\t<span class=\"elementor-button-text\">JETZT KONTAKT AUFNEHMEN<\/span>\n\t\t\t\t\t<\/span>\n\t\t\t\t\t<\/a>\n\t\t\t\t<\/div>\n\t\t\t\t\t\t\t\t<\/div>\n\t\t\t\t<\/div>\n\t\t\t\t\t<\/div>\n\t\t\t\t<\/div>\n\t\t\t\t<\/div>\n\t\t\t\t<\/div>\n\t\t\t\t<\/div>\n\t\t\t\t<\/div>\n\t\t","protected":false},"excerpt":{"rendered":"<p>PRODUKTION Zweischichtiger Parkettboden Der Prozess beginnt damit, dass die St\u00e4mme mit Bands\u00e4gen in Bretter geschnitten werden, die dann in der Produktionsst\u00e4tte zu Elementen weiterverarbeitet werden. Diese vorbereiteten und gestapelten Elemente werden in \u00d6fen getrocknet. Nach dem Trocknen werden die Elemente f\u00fcr die Tragschicht mit Kapp- und L\u00e4ngskreiss\u00e4gen bearbeitet, um die Tragschicht f\u00fcr zweischichtige Parkettb\u00f6den in [&hellip;]<\/p>\n","protected":false},"author":1,"featured_media":0,"parent":0,"menu_order":0,"comment_status":"closed","ping_status":"closed","template":"","meta":{"_acf_changed":false,"inline_featured_image":false,"footnotes":""},"class_list":["post-2366","page","type-page","status-publish","hentry"],"acf":[],"yoast_head":"<!-- This site is optimized with the Yoast SEO plugin v27.1.1 - https:\/\/yoast.com\/product\/yoast-seo-wordpress\/ -->\n<title>Produktion von Holzprodukten<\/title>\n<meta name=\"description\" content=\"Erfahren Sie, wie \u0110akovo Hrast modernste Technologien und Fachwissen einsetzt, um hochwertige Holzprodukte zu fertigen.\" \/>\n<meta name=\"robots\" content=\"index, follow, max-snippet:-1, max-image-preview:large, max-video-preview:-1\" \/>\n<link rel=\"canonical\" href=\"https:\/\/djakovo-hrast.hr\/de\/produktion\/\" \/>\n<meta property=\"og:locale\" content=\"de_DE\" \/>\n<meta property=\"og:type\" content=\"article\" \/>\n<meta property=\"og:title\" content=\"Produktion von Holzprodukten\" \/>\n<meta property=\"og:description\" content=\"Erfahren Sie, wie \u0110akovo Hrast modernste Technologien und Fachwissen einsetzt, um hochwertige Holzprodukte zu fertigen.\" \/>\n<meta property=\"og:url\" content=\"https:\/\/djakovo-hrast.hr\/de\/produktion\/\" \/>\n<meta property=\"og:site_name\" content=\"Djakovo Hrast\" \/>\n<meta property=\"article:modified_time\" content=\"2024-11-20T21:46:56+00:00\" \/>\n<meta property=\"og:image\" content=\"https:\/\/djakovo-hrast.hr\/wp-content\/uploads\/2024\/09\/ANT_7181-scaled.jpg\" \/>\n<meta name=\"twitter:card\" content=\"summary_large_image\" \/>\n<meta name=\"twitter:label1\" content=\"Gesch\u00e4tzte Lesezeit\" \/>\n\t<meta name=\"twitter:data1\" content=\"2\u00a0Minuten\" \/>\n<script type=\"application\/ld+json\" class=\"yoast-schema-graph\">{\"@context\":\"https:\/\/schema.org\",\"@graph\":[{\"@type\":\"WebPage\",\"@id\":\"https:\/\/djakovo-hrast.hr\/de\/produktion\/\",\"url\":\"https:\/\/djakovo-hrast.hr\/de\/produktion\/\",\"name\":\"Produktion von Holzprodukten\",\"isPartOf\":{\"@id\":\"https:\/\/djakovo-hrast.hr\/de\/#website\"},\"primaryImageOfPage\":{\"@id\":\"https:\/\/djakovo-hrast.hr\/de\/produktion\/#primaryimage\"},\"image\":{\"@id\":\"https:\/\/djakovo-hrast.hr\/de\/produktion\/#primaryimage\"},\"thumbnailUrl\":\"https:\/\/djakovo-hrast.hr\/wp-content\/uploads\/2024\/09\/ANT_7181-scaled.jpg\",\"datePublished\":\"2024-09-09T08:32:44+00:00\",\"dateModified\":\"2024-11-20T21:46:56+00:00\",\"description\":\"Erfahren Sie, wie \u0110akovo Hrast modernste Technologien und Fachwissen einsetzt, um hochwertige Holzprodukte zu fertigen.\",\"breadcrumb\":{\"@id\":\"https:\/\/djakovo-hrast.hr\/de\/produktion\/#breadcrumb\"},\"inLanguage\":\"de\",\"potentialAction\":[{\"@type\":\"ReadAction\",\"target\":[\"https:\/\/djakovo-hrast.hr\/de\/produktion\/\"]}]},{\"@type\":\"ImageObject\",\"inLanguage\":\"de\",\"@id\":\"https:\/\/djakovo-hrast.hr\/de\/produktion\/#primaryimage\",\"url\":\"https:\/\/djakovo-hrast.hr\/wp-content\/uploads\/2024\/09\/ANT_7181-scaled.jpg\",\"contentUrl\":\"https:\/\/djakovo-hrast.hr\/wp-content\/uploads\/2024\/09\/ANT_7181-scaled.jpg\"},{\"@type\":\"BreadcrumbList\",\"@id\":\"https:\/\/djakovo-hrast.hr\/de\/produktion\/#breadcrumb\",\"itemListElement\":[{\"@type\":\"ListItem\",\"position\":1,\"name\":\"Home\",\"item\":\"https:\/\/djakovo-hrast.hr\/de\/\"},{\"@type\":\"ListItem\",\"position\":2,\"name\":\"Produktion\"}]},{\"@type\":\"WebSite\",\"@id\":\"https:\/\/djakovo-hrast.hr\/de\/#website\",\"url\":\"https:\/\/djakovo-hrast.hr\/de\/\",\"name\":\"Djakovo Hrast\",\"description\":\"\",\"publisher\":{\"@id\":\"https:\/\/djakovo-hrast.hr\/de\/#organization\"},\"potentialAction\":[{\"@type\":\"SearchAction\",\"target\":{\"@type\":\"EntryPoint\",\"urlTemplate\":\"https:\/\/djakovo-hrast.hr\/de\/?s={search_term_string}\"},\"query-input\":{\"@type\":\"PropertyValueSpecification\",\"valueRequired\":true,\"valueName\":\"search_term_string\"}}],\"inLanguage\":\"de\"},{\"@type\":\"Organization\",\"@id\":\"https:\/\/djakovo-hrast.hr\/de\/#organization\",\"name\":\"Djakovo Hrast\",\"url\":\"https:\/\/djakovo-hrast.hr\/de\/\",\"logo\":{\"@type\":\"ImageObject\",\"inLanguage\":\"de\",\"@id\":\"https:\/\/djakovo-hrast.hr\/de\/#\/schema\/logo\/image\/\",\"url\":\"https:\/\/djakovo-hrast.hr\/wp-content\/uploads\/2024\/09\/hrast.svg\",\"contentUrl\":\"https:\/\/djakovo-hrast.hr\/wp-content\/uploads\/2024\/09\/hrast.svg\",\"width\":64,\"height\":59,\"caption\":\"Djakovo Hrast\"},\"image\":{\"@id\":\"https:\/\/djakovo-hrast.hr\/de\/#\/schema\/logo\/image\/\"}}]}<\/script>\n<!-- \/ Yoast SEO plugin. -->","yoast_head_json":{"title":"Produktion von Holzprodukten","description":"Erfahren Sie, wie \u0110akovo Hrast modernste Technologien und Fachwissen einsetzt, um hochwertige Holzprodukte zu fertigen.","robots":{"index":"index","follow":"follow","max-snippet":"max-snippet:-1","max-image-preview":"max-image-preview:large","max-video-preview":"max-video-preview:-1"},"canonical":"https:\/\/djakovo-hrast.hr\/de\/produktion\/","og_locale":"de_DE","og_type":"article","og_title":"Produktion von Holzprodukten","og_description":"Erfahren Sie, wie \u0110akovo Hrast modernste Technologien und Fachwissen einsetzt, um hochwertige Holzprodukte zu fertigen.","og_url":"https:\/\/djakovo-hrast.hr\/de\/produktion\/","og_site_name":"Djakovo Hrast","article_modified_time":"2024-11-20T21:46:56+00:00","og_image":[{"url":"https:\/\/djakovo-hrast.hr\/wp-content\/uploads\/2024\/09\/ANT_7181-scaled.jpg","type":"","width":"","height":""}],"twitter_card":"summary_large_image","twitter_misc":{"Gesch\u00e4tzte Lesezeit":"2\u00a0Minuten"},"schema":{"@context":"https:\/\/schema.org","@graph":[{"@type":"WebPage","@id":"https:\/\/djakovo-hrast.hr\/de\/produktion\/","url":"https:\/\/djakovo-hrast.hr\/de\/produktion\/","name":"Produktion von Holzprodukten","isPartOf":{"@id":"https:\/\/djakovo-hrast.hr\/de\/#website"},"primaryImageOfPage":{"@id":"https:\/\/djakovo-hrast.hr\/de\/produktion\/#primaryimage"},"image":{"@id":"https:\/\/djakovo-hrast.hr\/de\/produktion\/#primaryimage"},"thumbnailUrl":"https:\/\/djakovo-hrast.hr\/wp-content\/uploads\/2024\/09\/ANT_7181-scaled.jpg","datePublished":"2024-09-09T08:32:44+00:00","dateModified":"2024-11-20T21:46:56+00:00","description":"Erfahren Sie, wie \u0110akovo Hrast modernste Technologien und Fachwissen einsetzt, um hochwertige Holzprodukte zu fertigen.","breadcrumb":{"@id":"https:\/\/djakovo-hrast.hr\/de\/produktion\/#breadcrumb"},"inLanguage":"de","potentialAction":[{"@type":"ReadAction","target":["https:\/\/djakovo-hrast.hr\/de\/produktion\/"]}]},{"@type":"ImageObject","inLanguage":"de","@id":"https:\/\/djakovo-hrast.hr\/de\/produktion\/#primaryimage","url":"https:\/\/djakovo-hrast.hr\/wp-content\/uploads\/2024\/09\/ANT_7181-scaled.jpg","contentUrl":"https:\/\/djakovo-hrast.hr\/wp-content\/uploads\/2024\/09\/ANT_7181-scaled.jpg"},{"@type":"BreadcrumbList","@id":"https:\/\/djakovo-hrast.hr\/de\/produktion\/#breadcrumb","itemListElement":[{"@type":"ListItem","position":1,"name":"Home","item":"https:\/\/djakovo-hrast.hr\/de\/"},{"@type":"ListItem","position":2,"name":"Produktion"}]},{"@type":"WebSite","@id":"https:\/\/djakovo-hrast.hr\/de\/#website","url":"https:\/\/djakovo-hrast.hr\/de\/","name":"Djakovo Hrast","description":"","publisher":{"@id":"https:\/\/djakovo-hrast.hr\/de\/#organization"},"potentialAction":[{"@type":"SearchAction","target":{"@type":"EntryPoint","urlTemplate":"https:\/\/djakovo-hrast.hr\/de\/?s={search_term_string}"},"query-input":{"@type":"PropertyValueSpecification","valueRequired":true,"valueName":"search_term_string"}}],"inLanguage":"de"},{"@type":"Organization","@id":"https:\/\/djakovo-hrast.hr\/de\/#organization","name":"Djakovo Hrast","url":"https:\/\/djakovo-hrast.hr\/de\/","logo":{"@type":"ImageObject","inLanguage":"de","@id":"https:\/\/djakovo-hrast.hr\/de\/#\/schema\/logo\/image\/","url":"https:\/\/djakovo-hrast.hr\/wp-content\/uploads\/2024\/09\/hrast.svg","contentUrl":"https:\/\/djakovo-hrast.hr\/wp-content\/uploads\/2024\/09\/hrast.svg","width":64,"height":59,"caption":"Djakovo Hrast"},"image":{"@id":"https:\/\/djakovo-hrast.hr\/de\/#\/schema\/logo\/image\/"}}]}},"_links":{"self":[{"href":"https:\/\/djakovo-hrast.hr\/de\/wp-json\/wp\/v2\/pages\/2366","targetHints":{"allow":["GET"]}}],"collection":[{"href":"https:\/\/djakovo-hrast.hr\/de\/wp-json\/wp\/v2\/pages"}],"about":[{"href":"https:\/\/djakovo-hrast.hr\/de\/wp-json\/wp\/v2\/types\/page"}],"author":[{"embeddable":true,"href":"https:\/\/djakovo-hrast.hr\/de\/wp-json\/wp\/v2\/users\/1"}],"replies":[{"embeddable":true,"href":"https:\/\/djakovo-hrast.hr\/de\/wp-json\/wp\/v2\/comments?post=2366"}],"version-history":[{"count":5,"href":"https:\/\/djakovo-hrast.hr\/de\/wp-json\/wp\/v2\/pages\/2366\/revisions"}],"predecessor-version":[{"id":3004,"href":"https:\/\/djakovo-hrast.hr\/de\/wp-json\/wp\/v2\/pages\/2366\/revisions\/3004"}],"wp:attachment":[{"href":"https:\/\/djakovo-hrast.hr\/de\/wp-json\/wp\/v2\/media?parent=2366"}],"curies":[{"name":"wp","href":"https:\/\/api.w.org\/{rel}","templated":true}]}}