{"id":2354,"date":"2024-09-09T08:33:32","date_gmt":"2024-09-09T08:33:32","guid":{"rendered":"https:\/\/djakovo-hrast.hr\/kontaktirajte-nas\/"},"modified":"2024-11-26T14:32:53","modified_gmt":"2024-11-26T14:32:53","slug":"kontaktirajte-nas","status":"publish","type":"page","link":"https:\/\/djakovo-hrast.hr\/hr\/kontaktirajte-nas\/","title":{"rendered":"Kontaktirajte nas"},"content":{"rendered":"\t\t<div data-elementor-type=\"wp-page\" data-elementor-id=\"2354\" class=\"elementor elementor-2354 elementor-27\" data-elementor-post-type=\"page\">\n\t\t\t\t<div class=\"elementor-element elementor-element-3ed4a5c e-flex e-con-boxed elementor-invisible e-con e-parent\" data-id=\"3ed4a5c\" data-element_type=\"container\" data-settings=\"{&quot;animation&quot;:&quot;fadeIn&quot;}\">\n\t\t\t\t\t<div class=\"e-con-inner\">\n\t\t<div class=\"elementor-element elementor-element-735181c e-con-full e-flex e-con e-child\" data-id=\"735181c\" data-element_type=\"container\">\n\t\t\t\t<div class=\"elementor-element elementor-element-0c2e807 elementor-widget elementor-widget-heading\" data-id=\"0c2e807\" data-element_type=\"widget\" data-widget_type=\"heading.default\">\n\t\t\t\t<div class=\"elementor-widget-container\">\n\t\t\t\t\t<h1 class=\"elementor-heading-title elementor-size-default\">Kontakt<\/h1>\t\t\t\t<\/div>\n\t\t\t\t<\/div>\n\t\t\t\t<div class=\"elementor-element elementor-element-9edb3b2 elementor-widget elementor-widget-text-editor\" data-id=\"9edb3b2\" data-element_type=\"widget\" data-widget_type=\"text-editor.default\">\n\t\t\t\t<div class=\"elementor-widget-container\">\n\t\t\t\t\t\t\t\t\t<p>Bilo da ste distributer, proizvo\u0111a\u010d ili gra\u0111evinski investitor, \u017eelimo \u010duti va\u0161e mi\u0161ljenje!<br \/>Pove\u017eite se s nama ve\u0107 danas kako biste istra\u017eili kako mo\u017eemo sura\u0111ivati i posti\u0107i velike stvari zajedno.<\/p>\t\t\t\t\t\t\t\t<\/div>\n\t\t\t\t<\/div>\n\t\t<div class=\"elementor-element elementor-element-830d140 e-con-full elementor-hidden-mobile e-flex e-con e-child\" data-id=\"830d140\" data-element_type=\"container\">\n\t\t\t\t<div class=\"elementor-element elementor-element-b4590f8 elementor-widget elementor-widget-heading\" data-id=\"b4590f8\" data-element_type=\"widget\" data-widget_type=\"heading.default\">\n\t\t\t\t<div class=\"elementor-widget-container\">\n\t\t\t\t\t<span class=\"elementor-heading-title elementor-size-default\">EMAIL<\/span>\t\t\t\t<\/div>\n\t\t\t\t<\/div>\n\t\t<a class=\"elementor-element elementor-element-efdb329 e-con-full e-flex e-con e-child\" data-id=\"efdb329\" data-element_type=\"container\" href=\"mailto:info@djakovo-hrast.hr\">\n\t\t\t\t<div class=\"elementor-element elementor-element-8c76abe elementor-widget elementor-widget-heading\" data-id=\"8c76abe\" data-element_type=\"widget\" data-widget_type=\"heading.default\">\n\t\t\t\t<div class=\"elementor-widget-container\">\n\t\t\t\t\t<span class=\"elementor-heading-title elementor-size-default\">info@djakovo-hrast.hr<\/span>\t\t\t\t<\/div>\n\t\t\t\t<\/div>\n\t\t\t\t<\/a>\n\t\t\t\t<div class=\"elementor-element elementor-element-f15dd30 elementor-widget elementor-widget-heading\" data-id=\"f15dd30\" data-element_type=\"widget\" data-widget_type=\"heading.default\">\n\t\t\t\t<div class=\"elementor-widget-container\">\n\t\t\t\t\t<span class=\"elementor-heading-title elementor-size-default\">ODJEL PRODAJE<\/span>\t\t\t\t<\/div>\n\t\t\t\t<\/div>\n\t\t\t\t<div class=\"elementor-element elementor-element-4175167 elementor-widget elementor-widget-heading\" data-id=\"4175167\" data-element_type=\"widget\" data-widget_type=\"heading.default\">\n\t\t\t\t<div class=\"elementor-widget-container\">\n\t\t\t\t\t<h2 class=\"elementor-heading-title elementor-size-default\"><a href=\"tel:+385992328431\">Telefon: +385992328431<\/a><\/h2>\t\t\t\t<\/div>\n\t\t\t\t<\/div>\n\t\t\t\t<\/div>\n\t\t\t\t<\/div>\n\t\t<div class=\"elementor-element elementor-element-5a6e062 e-con-full e-flex e-con e-child\" data-id=\"5a6e062\" data-element_type=\"container\">\n\t\t\t\t<div class=\"elementor-element elementor-element-351d513 elementor-button-align-stretch elementor-widget elementor-widget-form\" data-id=\"351d513\" data-element_type=\"widget\" data-settings=\"{&quot;step_next_label&quot;:&quot;Sljede\\u0107i&quot;,&quot;step_previous_label&quot;:&quot;Prethodno&quot;,&quot;button_width&quot;:&quot;100&quot;,&quot;step_type&quot;:&quot;number_text&quot;,&quot;step_icon_shape&quot;:&quot;circle&quot;}\" data-widget_type=\"form.default\">\n\t\t\t\t<div class=\"elementor-widget-container\">\n\t\t\t\t\t\t\t<form class=\"elementor-form\" method=\"post\" id=\"contactform\" name=\"Kontakt\">\n\t\t\t<input type=\"hidden\" name=\"post_id\" value=\"2354\"\/>\n\t\t\t<input type=\"hidden\" name=\"form_id\" value=\"351d513\"\/>\n\t\t\t<input type=\"hidden\" name=\"referer_title\" value=\"Kontaktirajte \u0110akovo Hrast\" \/>\n\n\t\t\t\t\t\t\t<input type=\"hidden\" name=\"queried_id\" value=\"2354\"\/>\n\t\t\t\n\t\t\t<div class=\"elementor-form-fields-wrapper elementor-labels-above\">\n\t\t\t\t\t\t\t\t<div class=\"elementor-field-type-text elementor-field-group elementor-column elementor-field-group-name elementor-col-100 elementor-md-100 elementor-field-required\">\n\t\t\t\t\t\t\t\t\t\t\t\t<label for=\"form-field-name\" class=\"elementor-field-label\">\n\t\t\t\t\t\t\t\tIme\t\t\t\t\t\t\t<\/label>\n\t\t\t\t\t\t\t\t\t\t\t\t\t\t<input size=\"1\" type=\"text\" name=\"form_fields[name]\" id=\"form-field-name\" class=\"elementor-field elementor-size-sm  elementor-field-textual\" required=\"required\">\n\t\t\t\t\t\t\t\t\t\t\t<\/div>\n\t\t\t\t\t\t\t\t<div class=\"elementor-field-type-email elementor-field-group elementor-column elementor-field-group-email elementor-col-100 elementor-md-100 elementor-field-required\">\n\t\t\t\t\t\t\t\t\t\t\t\t<label for=\"form-field-email\" class=\"elementor-field-label\">\n\t\t\t\t\t\t\t\tEmail\t\t\t\t\t\t\t<\/label>\n\t\t\t\t\t\t\t\t\t\t\t\t\t\t<input size=\"1\" type=\"email\" name=\"form_fields[email]\" id=\"form-field-email\" class=\"elementor-field elementor-size-sm  elementor-field-textual\" required=\"required\">\n\t\t\t\t\t\t\t\t\t\t\t<\/div>\n\t\t\t\t\t\t\t\t<div class=\"elementor-field-type-select elementor-field-group elementor-column elementor-field-group-whatservices elementor-col-100 elementor-md-100 elementor-field-required\">\n\t\t\t\t\t\t\t\t\t\t\t\t<label for=\"form-field-whatservices\" class=\"elementor-field-label\">\n\t\t\t\t\t\t\t\tZa koju uslugu ste zainteresirani\t\t\t\t\t\t\t<\/label>\n\t\t\t\t\t\t\t\t<div class=\"elementor-field elementor-select-wrapper remove-before \">\n\t\t\t<div class=\"select-caret-down-wrapper\">\n\t\t\t\t<svg aria-hidden=\"true\" class=\"e-font-icon-svg e-eicon-caret-down\" viewBox=\"0 0 571.4 571.4\" xmlns=\"http:\/\/www.w3.org\/2000\/svg\"><path d=\"M571 393Q571 407 561 418L311 668Q300 679 286 679T261 668L11 418Q0 407 0 393T11 368 36 357H536Q550 357 561 368T571 393Z\"><\/path><\/svg>\t\t\t<\/div>\n\t\t\t<select name=\"form_fields[whatservices]\" id=\"form-field-whatservices\" class=\"elementor-field-textual elementor-size-sm\" required=\"required\">\n\t\t\t\t\t\t\t\t\t<option value=\"Prodaja\">Prodaja<\/option>\n\t\t\t\t\t\t\t\t\t<option value=\"Distribucija\">Distribucija<\/option>\n\t\t\t\t\t\t\t\t\t<option value=\"Proizvodnja\">Proizvodnja<\/option>\n\t\t\t\t\t\t\t<\/select>\n\t\t<\/div>\n\t\t\t\t\t\t<\/div>\n\t\t\t\t\t\t\t\t<div class=\"elementor-field-type-textarea elementor-field-group elementor-column elementor-field-group-message elementor-col-100 elementor-md-100 elementor-field-required\">\n\t\t\t\t\t\t\t\t\t\t\t\t<label for=\"form-field-message\" class=\"elementor-field-label\">\n\t\t\t\t\t\t\t\tPoruka\t\t\t\t\t\t\t<\/label>\n\t\t\t\t\t\t<textarea class=\"elementor-field-textual elementor-field  elementor-size-sm\" name=\"form_fields[message]\" id=\"form-field-message\" rows=\"4\" required=\"required\"><\/textarea>\t\t\t\t<\/div>\n\t\t\t\t\t\t\t\t<div class=\"elementor-field-group elementor-column elementor-field-type-submit elementor-col-100 e-form__buttons\">\n\t\t\t\t\t<button class=\"elementor-button elementor-size-sm\" type=\"submit\">\n\t\t\t\t\t\t<span class=\"elementor-button-content-wrapper\">\n\t\t\t\t\t\t\t\t\t\t\t\t\t\t\t\t\t\t\t\t\t\t<span class=\"elementor-button-text\">PO\u0160ALJI<\/span>\n\t\t\t\t\t\t\t\t\t\t\t\t\t<\/span>\n\t\t\t\t\t<\/button>\n\t\t\t\t<\/div>\n\t\t\t<\/div>\n\t\t<\/form>\n\t\t\t\t\t\t<\/div>\n\t\t\t\t<\/div>\n\t\t\t\t<\/div>\n\t\t<div class=\"elementor-element elementor-element-f41a4de e-con-full elementor-hidden-desktop elementor-hidden-tablet e-flex e-con e-child\" data-id=\"f41a4de\" data-element_type=\"container\">\n\t\t\t\t<div class=\"elementor-element elementor-element-d9abdbf elementor-widget elementor-widget-heading\" data-id=\"d9abdbf\" data-element_type=\"widget\" data-widget_type=\"heading.default\">\n\t\t\t\t<div class=\"elementor-widget-container\">\n\t\t\t\t\t<span class=\"elementor-heading-title elementor-size-default\">EMAIL<\/span>\t\t\t\t<\/div>\n\t\t\t\t<\/div>\n\t\t<a class=\"elementor-element elementor-element-f1302fb e-con-full e-flex e-con e-child\" data-id=\"f1302fb\" data-element_type=\"container\" href=\"mailto:info@djakovo-hrast.hr\">\n\t\t\t\t<div class=\"elementor-element elementor-element-a053371 elementor-widget elementor-widget-heading\" data-id=\"a053371\" data-element_type=\"widget\" data-widget_type=\"heading.default\">\n\t\t\t\t<div class=\"elementor-widget-container\">\n\t\t\t\t\t<span class=\"elementor-heading-title elementor-size-default\">info@djakovo-hrast.hr<\/span>\t\t\t\t<\/div>\n\t\t\t\t<\/div>\n\t\t\t\t<\/a>\n\t\t\t\t<div class=\"elementor-element elementor-element-29d762f elementor-widget elementor-widget-heading\" data-id=\"29d762f\" data-element_type=\"widget\" data-widget_type=\"heading.default\">\n\t\t\t\t<div class=\"elementor-widget-container\">\n\t\t\t\t\t<span class=\"elementor-heading-title elementor-size-default\">ODJEL PRODAJE<\/span>\t\t\t\t<\/div>\n\t\t\t\t<\/div>\n\t\t\t\t<div class=\"elementor-element elementor-element-d56ff2b elementor-widget elementor-widget-heading\" data-id=\"d56ff2b\" data-element_type=\"widget\" data-widget_type=\"heading.default\">\n\t\t\t\t<div class=\"elementor-widget-container\">\n\t\t\t\t\t<h2 class=\"elementor-heading-title elementor-size-default\"><a href=\"tel:+385992328431\">Telefon: +385992328431<\/a><\/h2>\t\t\t\t<\/div>\n\t\t\t\t<\/div>\n\t\t\t\t<\/div>\n\t\t\t\t\t<\/div>\n\t\t\t\t<\/div>\n\t\t\t\t<\/div>\n\t\t","protected":false},"excerpt":{"rendered":"<p>Kontakt Bilo da ste distributer, proizvo\u0111a\u010d ili gra\u0111evinski investitor, \u017eelimo \u010duti va\u0161e mi\u0161ljenje!Pove\u017eite se s nama ve\u0107 danas kako biste istra\u017eili kako mo\u017eemo sura\u0111ivati i posti\u0107i velike stvari zajedno. EMAIL info@djakovo-hrast.hr ODJEL PRODAJE Telefon: +385992328431 EMAIL info@djakovo-hrast.hr ODJEL PRODAJE Telefon: +385992328431<\/p>\n","protected":false},"author":1,"featured_media":0,"parent":0,"menu_order":0,"comment_status":"closed","ping_status":"closed","template":"","meta":{"_acf_changed":false,"inline_featured_image":false,"footnotes":""},"class_list":["post-2354","page","type-page","status-publish","hentry"],"acf":[],"yoast_head":"<!-- This site is optimized with the Yoast SEO plugin v27.1.1 - https:\/\/yoast.com\/product\/yoast-seo-wordpress\/ -->\n<title>Kontaktirajte \u0110akovo Hrast<\/title>\n<meta name=\"description\" content=\"Kontaktirajte \u0110akovo Hrast za sve upite i suradnje. Ovdje smo kako bismo vam pomogli sa svim potrebama vezanim uz proizvode od drveta.\" \/>\n<meta name=\"robots\" content=\"index, follow, max-snippet:-1, max-image-preview:large, max-video-preview:-1\" \/>\n<link rel=\"canonical\" href=\"https:\/\/djakovo-hrast.hr\/hr\/kontaktirajte-nas\/\" \/>\n<meta property=\"og:locale\" content=\"hr_HR\" \/>\n<meta property=\"og:type\" content=\"article\" \/>\n<meta property=\"og:title\" content=\"Kontaktirajte \u0110akovo Hrast\" \/>\n<meta property=\"og:description\" content=\"Kontaktirajte \u0110akovo Hrast za sve upite i suradnje. Ovdje smo kako bismo vam pomogli sa svim potrebama vezanim uz proizvode od drveta.\" \/>\n<meta property=\"og:url\" content=\"https:\/\/djakovo-hrast.hr\/hr\/kontaktirajte-nas\/\" \/>\n<meta property=\"og:site_name\" content=\"Djakovo Hrast\" \/>\n<meta property=\"article:modified_time\" content=\"2024-11-26T14:32:53+00:00\" \/>\n<meta name=\"twitter:card\" content=\"summary_large_image\" \/>\n<meta name=\"twitter:label1\" content=\"Procijenjeno vrijeme \u010ditanja\" \/>\n\t<meta name=\"twitter:data1\" content=\"1 minuta\" \/>\n<script type=\"application\/ld+json\" class=\"yoast-schema-graph\">{\"@context\":\"https:\/\/schema.org\",\"@graph\":[{\"@type\":\"WebPage\",\"@id\":\"https:\/\/djakovo-hrast.hr\/hr\/kontaktirajte-nas\/\",\"url\":\"https:\/\/djakovo-hrast.hr\/hr\/kontaktirajte-nas\/\",\"name\":\"Kontaktirajte \u0110akovo Hrast\",\"isPartOf\":{\"@id\":\"https:\/\/djakovo-hrast.hr\/hr\/#website\"},\"datePublished\":\"2024-09-09T08:33:32+00:00\",\"dateModified\":\"2024-11-26T14:32:53+00:00\",\"description\":\"Kontaktirajte \u0110akovo Hrast za sve upite i suradnje. Ovdje smo kako bismo vam pomogli sa svim potrebama vezanim uz proizvode od drveta.\",\"breadcrumb\":{\"@id\":\"https:\/\/djakovo-hrast.hr\/hr\/kontaktirajte-nas\/#breadcrumb\"},\"inLanguage\":\"hr\",\"potentialAction\":[{\"@type\":\"ReadAction\",\"target\":[\"https:\/\/djakovo-hrast.hr\/hr\/kontaktirajte-nas\/\"]}]},{\"@type\":\"BreadcrumbList\",\"@id\":\"https:\/\/djakovo-hrast.hr\/hr\/kontaktirajte-nas\/#breadcrumb\",\"itemListElement\":[{\"@type\":\"ListItem\",\"position\":1,\"name\":\"Home\",\"item\":\"https:\/\/djakovo-hrast.hr\/hr\/\"},{\"@type\":\"ListItem\",\"position\":2,\"name\":\"Kontaktirajte nas\"}]},{\"@type\":\"WebSite\",\"@id\":\"https:\/\/djakovo-hrast.hr\/hr\/#website\",\"url\":\"https:\/\/djakovo-hrast.hr\/hr\/\",\"name\":\"Djakovo Hrast\",\"description\":\"\",\"publisher\":{\"@id\":\"https:\/\/djakovo-hrast.hr\/hr\/#organization\"},\"potentialAction\":[{\"@type\":\"SearchAction\",\"target\":{\"@type\":\"EntryPoint\",\"urlTemplate\":\"https:\/\/djakovo-hrast.hr\/hr\/?s={search_term_string}\"},\"query-input\":{\"@type\":\"PropertyValueSpecification\",\"valueRequired\":true,\"valueName\":\"search_term_string\"}}],\"inLanguage\":\"hr\"},{\"@type\":\"Organization\",\"@id\":\"https:\/\/djakovo-hrast.hr\/hr\/#organization\",\"name\":\"Djakovo Hrast\",\"url\":\"https:\/\/djakovo-hrast.hr\/hr\/\",\"logo\":{\"@type\":\"ImageObject\",\"inLanguage\":\"hr\",\"@id\":\"https:\/\/djakovo-hrast.hr\/hr\/#\/schema\/logo\/image\/\",\"url\":\"https:\/\/djakovo-hrast.hr\/wp-content\/uploads\/2024\/09\/hrast.svg\",\"contentUrl\":\"https:\/\/djakovo-hrast.hr\/wp-content\/uploads\/2024\/09\/hrast.svg\",\"width\":64,\"height\":59,\"caption\":\"Djakovo Hrast\"},\"image\":{\"@id\":\"https:\/\/djakovo-hrast.hr\/hr\/#\/schema\/logo\/image\/\"}}]}<\/script>\n<!-- \/ Yoast SEO plugin. -->","yoast_head_json":{"title":"Kontaktirajte \u0110akovo Hrast","description":"Kontaktirajte \u0110akovo Hrast za sve upite i suradnje. Ovdje smo kako bismo vam pomogli sa svim potrebama vezanim uz proizvode od drveta.","robots":{"index":"index","follow":"follow","max-snippet":"max-snippet:-1","max-image-preview":"max-image-preview:large","max-video-preview":"max-video-preview:-1"},"canonical":"https:\/\/djakovo-hrast.hr\/hr\/kontaktirajte-nas\/","og_locale":"hr_HR","og_type":"article","og_title":"Kontaktirajte \u0110akovo Hrast","og_description":"Kontaktirajte \u0110akovo Hrast za sve upite i suradnje. Ovdje smo kako bismo vam pomogli sa svim potrebama vezanim uz proizvode od drveta.","og_url":"https:\/\/djakovo-hrast.hr\/hr\/kontaktirajte-nas\/","og_site_name":"Djakovo Hrast","article_modified_time":"2024-11-26T14:32:53+00:00","twitter_card":"summary_large_image","twitter_misc":{"Procijenjeno vrijeme \u010ditanja":"1 minuta"},"schema":{"@context":"https:\/\/schema.org","@graph":[{"@type":"WebPage","@id":"https:\/\/djakovo-hrast.hr\/hr\/kontaktirajte-nas\/","url":"https:\/\/djakovo-hrast.hr\/hr\/kontaktirajte-nas\/","name":"Kontaktirajte \u0110akovo Hrast","isPartOf":{"@id":"https:\/\/djakovo-hrast.hr\/hr\/#website"},"datePublished":"2024-09-09T08:33:32+00:00","dateModified":"2024-11-26T14:32:53+00:00","description":"Kontaktirajte \u0110akovo Hrast za sve upite i suradnje. Ovdje smo kako bismo vam pomogli sa svim potrebama vezanim uz proizvode od drveta.","breadcrumb":{"@id":"https:\/\/djakovo-hrast.hr\/hr\/kontaktirajte-nas\/#breadcrumb"},"inLanguage":"hr","potentialAction":[{"@type":"ReadAction","target":["https:\/\/djakovo-hrast.hr\/hr\/kontaktirajte-nas\/"]}]},{"@type":"BreadcrumbList","@id":"https:\/\/djakovo-hrast.hr\/hr\/kontaktirajte-nas\/#breadcrumb","itemListElement":[{"@type":"ListItem","position":1,"name":"Home","item":"https:\/\/djakovo-hrast.hr\/hr\/"},{"@type":"ListItem","position":2,"name":"Kontaktirajte nas"}]},{"@type":"WebSite","@id":"https:\/\/djakovo-hrast.hr\/hr\/#website","url":"https:\/\/djakovo-hrast.hr\/hr\/","name":"Djakovo Hrast","description":"","publisher":{"@id":"https:\/\/djakovo-hrast.hr\/hr\/#organization"},"potentialAction":[{"@type":"SearchAction","target":{"@type":"EntryPoint","urlTemplate":"https:\/\/djakovo-hrast.hr\/hr\/?s={search_term_string}"},"query-input":{"@type":"PropertyValueSpecification","valueRequired":true,"valueName":"search_term_string"}}],"inLanguage":"hr"},{"@type":"Organization","@id":"https:\/\/djakovo-hrast.hr\/hr\/#organization","name":"Djakovo Hrast","url":"https:\/\/djakovo-hrast.hr\/hr\/","logo":{"@type":"ImageObject","inLanguage":"hr","@id":"https:\/\/djakovo-hrast.hr\/hr\/#\/schema\/logo\/image\/","url":"https:\/\/djakovo-hrast.hr\/wp-content\/uploads\/2024\/09\/hrast.svg","contentUrl":"https:\/\/djakovo-hrast.hr\/wp-content\/uploads\/2024\/09\/hrast.svg","width":64,"height":59,"caption":"Djakovo Hrast"},"image":{"@id":"https:\/\/djakovo-hrast.hr\/hr\/#\/schema\/logo\/image\/"}}]}},"_links":{"self":[{"href":"https:\/\/djakovo-hrast.hr\/hr\/wp-json\/wp\/v2\/pages\/2354","targetHints":{"allow":["GET"]}}],"collection":[{"href":"https:\/\/djakovo-hrast.hr\/hr\/wp-json\/wp\/v2\/pages"}],"about":[{"href":"https:\/\/djakovo-hrast.hr\/hr\/wp-json\/wp\/v2\/types\/page"}],"author":[{"embeddable":true,"href":"https:\/\/djakovo-hrast.hr\/hr\/wp-json\/wp\/v2\/users\/1"}],"replies":[{"embeddable":true,"href":"https:\/\/djakovo-hrast.hr\/hr\/wp-json\/wp\/v2\/comments?post=2354"}],"version-history":[{"count":28,"href":"https:\/\/djakovo-hrast.hr\/hr\/wp-json\/wp\/v2\/pages\/2354\/revisions"}],"predecessor-version":[{"id":3016,"href":"https:\/\/djakovo-hrast.hr\/hr\/wp-json\/wp\/v2\/pages\/2354\/revisions\/3016"}],"wp:attachment":[{"href":"https:\/\/djakovo-hrast.hr\/hr\/wp-json\/wp\/v2\/media?parent=2354"}],"curies":[{"name":"wp","href":"https:\/\/api.w.org\/{rel}","templated":true}]}}