{"id":4443,"date":"2025-05-16T12:35:28","date_gmt":"2025-05-16T12:35:28","guid":{"rendered":"https:\/\/djakovo-hrast.hr\/aktuelno-2\/"},"modified":"2025-06-03T07:57:46","modified_gmt":"2025-06-03T07:57:46","slug":"mediji","status":"publish","type":"page","link":"https:\/\/djakovo-hrast.hr\/hr\/mediji\/","title":{"rendered":"Mediji"},"content":{"rendered":"\t\t<div data-elementor-type=\"wp-page\" data-elementor-id=\"4443\" class=\"elementor elementor-4443 elementor-4311\" data-elementor-post-type=\"page\">\n\t\t\t\t<div class=\"elementor-element elementor-element-2bb4cc1 e-flex e-con-boxed elementor-invisible e-con e-parent\" data-id=\"2bb4cc1\" data-element_type=\"container\" data-settings=\"{&quot;animation&quot;:&quot;fadeIn&quot;}\">\n\t\t\t\t\t<div class=\"e-con-inner\">\n\t\t\t\t<div class=\"elementor-element elementor-element-80f4d68 elementor-widget elementor-widget-heading\" data-id=\"80f4d68\" data-element_type=\"widget\" data-widget_type=\"heading.default\">\n\t\t\t\t<div class=\"elementor-widget-container\">\n\t\t\t\t\t<h2 class=\"elementor-heading-title elementor-size-default\">Mediji<\/h2>\t\t\t\t<\/div>\n\t\t\t\t<\/div>\n\t\t\t\t<div class=\"elementor-element elementor-element-959adc7 elementor-grid-1 elementor-grid-tablet-1 elementor-grid-mobile-1 elementor-widget elementor-widget-loop-grid\" data-id=\"959adc7\" data-element_type=\"widget\" data-settings=\"{&quot;template_id&quot;:5024,&quot;columns&quot;:1,&quot;pagination_type&quot;:&quot;load_more_on_click&quot;,&quot;row_gap&quot;:{&quot;unit&quot;:&quot;px&quot;,&quot;size&quot;:0,&quot;sizes&quot;:[]},&quot;columns_tablet&quot;:1,&quot;_skin&quot;:&quot;post&quot;,&quot;columns_mobile&quot;:&quot;1&quot;,&quot;edit_handle_selector&quot;:&quot;[data-elementor-type=\\&quot;loop-item\\&quot;]&quot;,&quot;load_more_spinner&quot;:{&quot;value&quot;:&quot;fas fa-spinner&quot;,&quot;library&quot;:&quot;fa-solid&quot;},&quot;row_gap_tablet&quot;:{&quot;unit&quot;:&quot;px&quot;,&quot;size&quot;:&quot;&quot;,&quot;sizes&quot;:[]},&quot;row_gap_mobile&quot;:{&quot;unit&quot;:&quot;px&quot;,&quot;size&quot;:&quot;&quot;,&quot;sizes&quot;:[]}}\" data-widget_type=\"loop-grid.post\">\n\t\t\t\t<div class=\"elementor-widget-container\">\n\t\t\t\t\t\t\t<div class=\"elementor-loop-container elementor-grid\">\n\t\t<style id=\"loop-5024\">.elementor-5024 .elementor-element.elementor-element-6a71251{--display:flex;--flex-direction:column;--container-widget-width:100%;--container-widget-height:initial;--container-widget-flex-grow:0;--container-widget-align-self:initial;--flex-wrap-mobile:wrap;--gap:0px 0px;--row-gap:0px;--column-gap:0px;--margin-top:0px;--margin-bottom:0px;--margin-left:0px;--margin-right:0px;--padding-top:0px;--padding-bottom:0px;--padding-left:0px;--padding-right:0px;}.elementor-5024 .elementor-element.elementor-element-62c339a{--display:flex;--flex-direction:row;--container-widget-width:calc( ( 1 - var( --container-widget-flex-grow ) ) * 100% );--container-widget-height:100%;--container-widget-flex-grow:1;--container-widget-align-self:stretch;--flex-wrap-mobile:wrap;--align-items:center;--gap:20px 20px;--row-gap:20px;--column-gap:20px;border-style:none;--border-style:none;--border-radius:0px 0px 0px 0px;--margin-top:0px;--margin-bottom:0px;--margin-left:0px;--margin-right:0px;--padding-top:0px;--padding-bottom:0px;--padding-left:0px;--padding-right:0px;}.elementor-5024 .elementor-element.elementor-element-44c3de9{--display:flex;--margin-top:0px;--margin-bottom:0px;--margin-left:0px;--margin-right:0px;--padding-top:0px;--padding-bottom:0px;--padding-left:0px;--padding-right:0px;}.elementor-widget-post-info .elementor-icon-list-item:not(:last-child):after{border-color:var( --e-global-color-text );}.elementor-widget-post-info .elementor-icon-list-icon i{color:var( --e-global-color-primary );}.elementor-widget-post-info .elementor-icon-list-icon svg{fill:var( --e-global-color-primary );}.elementor-widget-post-info .elementor-icon-list-text, .elementor-widget-post-info .elementor-icon-list-text a{color:var( --e-global-color-secondary );}.elementor-widget-post-info .elementor-icon-list-item{font-family:var( --e-global-typography-text-font-family ), Sans-serif;font-weight:var( --e-global-typography-text-font-weight );}.elementor-5024 .elementor-element.elementor-element-c483a5c > .elementor-widget-container{margin:0px 0px 0px 0px;padding:0px 0px 0px 0px;}.elementor-5024 .elementor-element.elementor-element-c483a5c .elementor-icon-list-icon{width:14px;}.elementor-5024 .elementor-element.elementor-element-c483a5c .elementor-icon-list-icon i{font-size:14px;}.elementor-5024 .elementor-element.elementor-element-c483a5c .elementor-icon-list-icon svg{--e-icon-list-icon-size:14px;}.elementor-5024 .elementor-element.elementor-element-c483a5c .elementor-icon-list-text, .elementor-5024 .elementor-element.elementor-element-c483a5c .elementor-icon-list-text a{color:#000000;}.elementor-5024 .elementor-element.elementor-element-c483a5c .elementor-icon-list-item{font-family:\"Book Antiqua\", Sans-serif;font-size:20px;font-weight:500;}.elementor-widget-theme-post-title .elementor-heading-title{font-family:var( --e-global-typography-primary-font-family ), Sans-serif;font-weight:var( --e-global-typography-primary-font-weight );color:var( --e-global-color-primary );}.elementor-5024 .elementor-element.elementor-element-e2243f3 .elementor-heading-title{font-family:\"Book Antiqua\", Sans-serif;font-size:36px;font-weight:500;line-height:40px;color:#000000;}.elementor-widget-theme-post-excerpt .elementor-widget-container{color:var( --e-global-color-text );font-family:var( --e-global-typography-text-font-family ), Sans-serif;font-weight:var( --e-global-typography-text-font-weight );}.elementor-5024 .elementor-element.elementor-element-bdb0299 .elementor-widget-container{color:#000000;font-family:\"Poppins\", Sans-serif;font-size:16px;font-weight:400;line-height:26px;}.elementor-5024 .elementor-element.elementor-element-94145d9{--display:flex;--min-height:200px;--flex-direction:row;--container-widget-width:calc( ( 1 - var( --container-widget-flex-grow ) ) * 100% );--container-widget-height:100%;--container-widget-flex-grow:1;--container-widget-align-self:stretch;--flex-wrap-mobile:wrap;--justify-content:center;--align-items:center;--margin-top:0px;--margin-bottom:0px;--margin-left:0px;--margin-right:0px;--padding-top:0px;--padding-bottom:0px;--padding-left:0px;--padding-right:0px;}.elementor-widget-image .widget-image-caption{color:var( --e-global-color-text );font-family:var( --e-global-typography-text-font-family ), Sans-serif;font-weight:var( --e-global-typography-text-font-weight );}.elementor-5024 .elementor-element.elementor-element-d36bb73 > .elementor-widget-container{margin:0px 0px 0px 0px;padding:0px 0px 0px 0px;}.elementor-5024 .elementor-element.elementor-element-d36bb73 img{width:280px;height:200px;object-fit:cover;object-position:center center;}.elementor-widget-divider{--divider-color:var( --e-global-color-secondary );}.elementor-widget-divider .elementor-divider__text{color:var( --e-global-color-secondary );font-family:var( --e-global-typography-secondary-font-family ), Sans-serif;font-weight:var( --e-global-typography-secondary-font-weight );}.elementor-widget-divider.elementor-view-stacked .elementor-icon{background-color:var( --e-global-color-secondary );}.elementor-widget-divider.elementor-view-framed .elementor-icon, .elementor-widget-divider.elementor-view-default .elementor-icon{color:var( --e-global-color-secondary );border-color:var( --e-global-color-secondary );}.elementor-widget-divider.elementor-view-framed .elementor-icon, .elementor-widget-divider.elementor-view-default .elementor-icon svg{fill:var( --e-global-color-secondary );}.elementor-5024 .elementor-element.elementor-element-65b3bbf{--divider-border-style:solid;--divider-color:#00000036;--divider-border-width:1px;}.elementor-5024 .elementor-element.elementor-element-65b3bbf > .elementor-widget-container{margin:40px 0px 40px 0px;padding:0px 0px 0px 0px;}.elementor-5024 .elementor-element.elementor-element-65b3bbf .elementor-divider-separator{width:91%;}.elementor-5024 .elementor-element.elementor-element-65b3bbf .elementor-divider{padding-block-start:15px;padding-block-end:15px;}@media(max-width:1024px){.elementor-5024 .elementor-element.elementor-element-65b3bbf .elementor-divider-separator{width:95%;}}@media(min-width:768px){.elementor-5024 .elementor-element.elementor-element-44c3de9{--width:100%;}.elementor-5024 .elementor-element.elementor-element-94145d9{--width:100%;}}@media(max-width:767px){.elementor-5024 .elementor-element.elementor-element-94145d9{--justify-content:center;--gap:0px 0px;--row-gap:0px;--column-gap:0px;--margin-top:0px;--margin-bottom:0px;--margin-left:0px;--margin-right:0px;--padding-top:0px;--padding-bottom:0px;--padding-left:0px;--padding-right:0px;}.elementor-5024 .elementor-element.elementor-element-65b3bbf .elementor-divider-separator{width:100%;}}<\/style>\t\t<div data-elementor-type=\"loop-item\" data-elementor-id=\"5024\" class=\"elementor elementor-5024 elementor-5017 e-loop-item e-loop-item-5069 post-5069 press type-press status-publish hentry\" data-elementor-post-type=\"elementor_library\" data-custom-edit-handle=\"1\">\n\t\t\t<div class=\"elementor-element elementor-element-6a71251 e-flex e-con-boxed e-con e-parent\" data-id=\"6a71251\" data-element_type=\"container\">\n\t\t\t\t\t<div class=\"e-con-inner\">\n\t\t<a class=\"elementor-element elementor-element-62c339a e-con-full e-flex e-con e-child\" data-id=\"62c339a\" data-element_type=\"container\" href=\"https:\/\/djakovo-hrast.hr\/hr\/mediji\/ravlic-grupa\/\">\n\t\t<div class=\"elementor-element elementor-element-44c3de9 e-con-full e-flex e-con e-child\" data-id=\"44c3de9\" data-element_type=\"container\">\n\t\t\t\t<div class=\"elementor-element elementor-element-c483a5c elementor-widget elementor-widget-post-info\" data-id=\"c483a5c\" data-element_type=\"widget\" data-widget_type=\"post-info.default\">\n\t\t\t\t<div class=\"elementor-widget-container\">\n\t\t\t\t\t\t\t<ul class=\"elementor-inline-items elementor-icon-list-items elementor-post-info\">\n\t\t\t\t\t\t\t\t<li class=\"elementor-icon-list-item elementor-repeater-item-8a84530 elementor-inline-item\" itemprop=\"datePublished\">\n\t\t\t\t\t\t\t\t\t\t\t\t\t<span class=\"elementor-icon-list-text elementor-post-info__item elementor-post-info__item--type-date\">\n\t\t\t\t\t\t\t\t\t\t<time>2 lipnja, 2025<\/time>\t\t\t\t\t<\/span>\n\t\t\t\t\t\t\t\t<\/li>\n\t\t\t\t<\/ul>\n\t\t\t\t\t\t<\/div>\n\t\t\t\t<\/div>\n\t\t\t\t<div class=\"elementor-element elementor-element-e2243f3 elementor-widget elementor-widget-theme-post-title elementor-page-title elementor-widget-heading\" data-id=\"e2243f3\" data-element_type=\"widget\" data-widget_type=\"theme-post-title.default\">\n\t\t\t\t<div class=\"elementor-widget-container\">\n\t\t\t\t\t<h1 class=\"elementor-heading-title elementor-size-default\">RAVLI\u0106 GRUPA<\/h1>\t\t\t\t<\/div>\n\t\t\t\t<\/div>\n\t\t\t\t<div class=\"elementor-element elementor-element-bdb0299 elementor-widget elementor-widget-theme-post-excerpt\" data-id=\"bdb0299\" data-element_type=\"widget\" data-widget_type=\"theme-post-excerpt.default\">\n\t\t\t\t<div class=\"elementor-widget-container\">\n\t\t\t\t\tSlavonska tvrtka \u0110akovo Hrast, biv\u0161a drvna industrija Geli, dovr\u0161ila je investiciju od \u010dak 16 milijuna eura i zaokru\u017eila proces \"od trupaca do elektri\u010dne energije\".\t\t\t\t<\/div>\n\t\t\t\t<\/div>\n\t\t\t\t<\/div>\n\t\t<!-- hidden container 5069-94145d9 -->\t\t<\/a>\n\t\t\t\t<div class=\"elementor-element elementor-element-65b3bbf elementor-widget-divider--view-line elementor-widget elementor-widget-divider\" data-id=\"65b3bbf\" data-element_type=\"widget\" data-widget_type=\"divider.default\">\n\t\t\t\t<div class=\"elementor-widget-container\">\n\t\t\t\t\t\t\t<div class=\"elementor-divider\">\n\t\t\t<span class=\"elementor-divider-separator\">\n\t\t\t\t\t\t<\/span>\n\t\t<\/div>\n\t\t\t\t\t\t<\/div>\n\t\t\t\t<\/div>\n\t\t\t\t\t<\/div>\n\t\t\t\t<\/div>\n\t\t\t\t<\/div>\n\t\t\t\t<\/div>\n\t\t\t\t\t<span class=\"e-load-more-spinner\">\n\t\t\t\t<svg aria-hidden=\"true\" class=\"e-font-icon-svg e-fas-spinner\" viewBox=\"0 0 512 512\" xmlns=\"http:\/\/www.w3.org\/2000\/svg\"><path d=\"M304 48c0 26.51-21.49 48-48 48s-48-21.49-48-48 21.49-48 48-48 48 21.49 48 48zm-48 368c-26.51 0-48 21.49-48 48s21.49 48 48 48 48-21.49 48-48-21.49-48-48-48zm208-208c-26.51 0-48 21.49-48 48s21.49 48 48 48 48-21.49 48-48-21.49-48-48-48zM96 256c0-26.51-21.49-48-48-48S0 229.49 0 256s21.49 48 48 48 48-21.49 48-48zm12.922 99.078c-26.51 0-48 21.49-48 48s21.49 48 48 48 48-21.49 48-48c0-26.509-21.491-48-48-48zm294.156 0c-26.51 0-48 21.49-48 48s21.49 48 48 48 48-21.49 48-48c0-26.509-21.49-48-48-48zM108.922 60.922c-26.51 0-48 21.49-48 48s21.49 48 48 48 48-21.49 48-48-21.491-48-48-48z\"><\/path><\/svg>\t\t\t<\/span>\n\t\t\n\t\t\t\t\t\t<\/div>\n\t\t\t\t<\/div>\n\t\t\t\t\t<\/div>\n\t\t\t\t<\/div>\n\t\t\t\t<\/div>\n\t\t","protected":false},"excerpt":{"rendered":"<p>Mediji<\/p>\n","protected":false},"author":1,"featured_media":0,"parent":0,"menu_order":0,"comment_status":"closed","ping_status":"closed","template":"","meta":{"_acf_changed":false,"inline_featured_image":false,"footnotes":""},"class_list":["post-4443","page","type-page","status-publish","hentry"],"acf":[],"yoast_head":"<!-- This site is optimized with the Yoast SEO plugin v27.1.1 - https:\/\/yoast.com\/product\/yoast-seo-wordpress\/ -->\n<title>Mediji - Djakovo Hrast<\/title>\n<meta name=\"robots\" content=\"index, follow, max-snippet:-1, max-image-preview:large, max-video-preview:-1\" \/>\n<link rel=\"canonical\" href=\"https:\/\/djakovo-hrast.hr\/hr\/mediji\/\" \/>\n<meta property=\"og:locale\" content=\"hr_HR\" \/>\n<meta property=\"og:type\" content=\"article\" \/>\n<meta property=\"og:title\" content=\"Mediji - Djakovo Hrast\" \/>\n<meta property=\"og:description\" content=\"Mediji\" \/>\n<meta property=\"og:url\" content=\"https:\/\/djakovo-hrast.hr\/hr\/mediji\/\" \/>\n<meta property=\"og:site_name\" content=\"Djakovo Hrast\" \/>\n<meta property=\"article:modified_time\" content=\"2025-06-03T07:57:46+00:00\" \/>\n<meta name=\"twitter:card\" content=\"summary_large_image\" \/>\n<meta name=\"twitter:label1\" content=\"Procijenjeno vrijeme \u010ditanja\" \/>\n\t<meta name=\"twitter:data1\" content=\"1 minuta\" \/>\n<script type=\"application\/ld+json\" class=\"yoast-schema-graph\">{\"@context\":\"https:\/\/schema.org\",\"@graph\":[{\"@type\":\"WebPage\",\"@id\":\"https:\/\/djakovo-hrast.hr\/hr\/mediji\/\",\"url\":\"https:\/\/djakovo-hrast.hr\/hr\/mediji\/\",\"name\":\"Mediji - Djakovo Hrast\",\"isPartOf\":{\"@id\":\"https:\/\/djakovo-hrast.hr\/hr\/#website\"},\"datePublished\":\"2025-05-16T12:35:28+00:00\",\"dateModified\":\"2025-06-03T07:57:46+00:00\",\"breadcrumb\":{\"@id\":\"https:\/\/djakovo-hrast.hr\/hr\/mediji\/#breadcrumb\"},\"inLanguage\":\"hr\",\"potentialAction\":[{\"@type\":\"ReadAction\",\"target\":[\"https:\/\/djakovo-hrast.hr\/hr\/mediji\/\"]}]},{\"@type\":\"BreadcrumbList\",\"@id\":\"https:\/\/djakovo-hrast.hr\/hr\/mediji\/#breadcrumb\",\"itemListElement\":[{\"@type\":\"ListItem\",\"position\":1,\"name\":\"Home\",\"item\":\"https:\/\/djakovo-hrast.hr\/hr\/\"},{\"@type\":\"ListItem\",\"position\":2,\"name\":\"Mediji\"}]},{\"@type\":\"WebSite\",\"@id\":\"https:\/\/djakovo-hrast.hr\/hr\/#website\",\"url\":\"https:\/\/djakovo-hrast.hr\/hr\/\",\"name\":\"Djakovo Hrast\",\"description\":\"\",\"publisher\":{\"@id\":\"https:\/\/djakovo-hrast.hr\/hr\/#organization\"},\"potentialAction\":[{\"@type\":\"SearchAction\",\"target\":{\"@type\":\"EntryPoint\",\"urlTemplate\":\"https:\/\/djakovo-hrast.hr\/hr\/?s={search_term_string}\"},\"query-input\":{\"@type\":\"PropertyValueSpecification\",\"valueRequired\":true,\"valueName\":\"search_term_string\"}}],\"inLanguage\":\"hr\"},{\"@type\":\"Organization\",\"@id\":\"https:\/\/djakovo-hrast.hr\/hr\/#organization\",\"name\":\"Djakovo Hrast\",\"url\":\"https:\/\/djakovo-hrast.hr\/hr\/\",\"logo\":{\"@type\":\"ImageObject\",\"inLanguage\":\"hr\",\"@id\":\"https:\/\/djakovo-hrast.hr\/hr\/#\/schema\/logo\/image\/\",\"url\":\"https:\/\/djakovo-hrast.hr\/wp-content\/uploads\/2024\/09\/hrast.svg\",\"contentUrl\":\"https:\/\/djakovo-hrast.hr\/wp-content\/uploads\/2024\/09\/hrast.svg\",\"width\":64,\"height\":59,\"caption\":\"Djakovo Hrast\"},\"image\":{\"@id\":\"https:\/\/djakovo-hrast.hr\/hr\/#\/schema\/logo\/image\/\"}}]}<\/script>\n<!-- \/ Yoast SEO plugin. -->","yoast_head_json":{"title":"Mediji - Djakovo Hrast","robots":{"index":"index","follow":"follow","max-snippet":"max-snippet:-1","max-image-preview":"max-image-preview:large","max-video-preview":"max-video-preview:-1"},"canonical":"https:\/\/djakovo-hrast.hr\/hr\/mediji\/","og_locale":"hr_HR","og_type":"article","og_title":"Mediji - Djakovo Hrast","og_description":"Mediji","og_url":"https:\/\/djakovo-hrast.hr\/hr\/mediji\/","og_site_name":"Djakovo Hrast","article_modified_time":"2025-06-03T07:57:46+00:00","twitter_card":"summary_large_image","twitter_misc":{"Procijenjeno vrijeme \u010ditanja":"1 minuta"},"schema":{"@context":"https:\/\/schema.org","@graph":[{"@type":"WebPage","@id":"https:\/\/djakovo-hrast.hr\/hr\/mediji\/","url":"https:\/\/djakovo-hrast.hr\/hr\/mediji\/","name":"Mediji - Djakovo Hrast","isPartOf":{"@id":"https:\/\/djakovo-hrast.hr\/hr\/#website"},"datePublished":"2025-05-16T12:35:28+00:00","dateModified":"2025-06-03T07:57:46+00:00","breadcrumb":{"@id":"https:\/\/djakovo-hrast.hr\/hr\/mediji\/#breadcrumb"},"inLanguage":"hr","potentialAction":[{"@type":"ReadAction","target":["https:\/\/djakovo-hrast.hr\/hr\/mediji\/"]}]},{"@type":"BreadcrumbList","@id":"https:\/\/djakovo-hrast.hr\/hr\/mediji\/#breadcrumb","itemListElement":[{"@type":"ListItem","position":1,"name":"Home","item":"https:\/\/djakovo-hrast.hr\/hr\/"},{"@type":"ListItem","position":2,"name":"Mediji"}]},{"@type":"WebSite","@id":"https:\/\/djakovo-hrast.hr\/hr\/#website","url":"https:\/\/djakovo-hrast.hr\/hr\/","name":"Djakovo Hrast","description":"","publisher":{"@id":"https:\/\/djakovo-hrast.hr\/hr\/#organization"},"potentialAction":[{"@type":"SearchAction","target":{"@type":"EntryPoint","urlTemplate":"https:\/\/djakovo-hrast.hr\/hr\/?s={search_term_string}"},"query-input":{"@type":"PropertyValueSpecification","valueRequired":true,"valueName":"search_term_string"}}],"inLanguage":"hr"},{"@type":"Organization","@id":"https:\/\/djakovo-hrast.hr\/hr\/#organization","name":"Djakovo Hrast","url":"https:\/\/djakovo-hrast.hr\/hr\/","logo":{"@type":"ImageObject","inLanguage":"hr","@id":"https:\/\/djakovo-hrast.hr\/hr\/#\/schema\/logo\/image\/","url":"https:\/\/djakovo-hrast.hr\/wp-content\/uploads\/2024\/09\/hrast.svg","contentUrl":"https:\/\/djakovo-hrast.hr\/wp-content\/uploads\/2024\/09\/hrast.svg","width":64,"height":59,"caption":"Djakovo Hrast"},"image":{"@id":"https:\/\/djakovo-hrast.hr\/hr\/#\/schema\/logo\/image\/"}}]}},"_links":{"self":[{"href":"https:\/\/djakovo-hrast.hr\/hr\/wp-json\/wp\/v2\/pages\/4443","targetHints":{"allow":["GET"]}}],"collection":[{"href":"https:\/\/djakovo-hrast.hr\/hr\/wp-json\/wp\/v2\/pages"}],"about":[{"href":"https:\/\/djakovo-hrast.hr\/hr\/wp-json\/wp\/v2\/types\/page"}],"author":[{"embeddable":true,"href":"https:\/\/djakovo-hrast.hr\/hr\/wp-json\/wp\/v2\/users\/1"}],"replies":[{"embeddable":true,"href":"https:\/\/djakovo-hrast.hr\/hr\/wp-json\/wp\/v2\/comments?post=4443"}],"version-history":[{"count":44,"href":"https:\/\/djakovo-hrast.hr\/hr\/wp-json\/wp\/v2\/pages\/4443\/revisions"}],"predecessor-version":[{"id":5138,"href":"https:\/\/djakovo-hrast.hr\/hr\/wp-json\/wp\/v2\/pages\/4443\/revisions\/5138"}],"wp:attachment":[{"href":"https:\/\/djakovo-hrast.hr\/hr\/wp-json\/wp\/v2\/media?parent=4443"}],"curies":[{"name":"wp","href":"https:\/\/api.w.org\/{rel}","templated":true}]}}